{"id":133,"date":"2020-01-17T09:00:21","date_gmt":"2020-01-17T08:00:21","guid":{"rendered":"http:\/\/wp1058403.server-he.de\/?page_id=133"},"modified":"2020-01-19T16:06:17","modified_gmt":"2020-01-19T15:06:17","slug":"organsatorisches","status":"publish","type":"page","link":"http:\/\/www.davidstromberg.de\/en\/organsatorisches\/","title":{"rendered":"Workshop"},"content":{"rendered":"<h4>Der eint\u00e4gige Workshop gliedert sich in vier Abschnitte<\/h4>\n\n\n<\/p>\n<ol class=\"wp-block-list\">\n<li>Melodische Improvisation und Einf\u00fchrung in die Regeln.<\/li>\n<li>Ber\u00fccksichtigung der harmonischen Regeln.<\/li>\n<li>Anwendung und \u00dcben.<\/li>\n<li>Komposition von Kadenzen, Vorspiel und Besprechen der Kompositionen.<\/li>\n<\/ol>\n<p>\n\n\n<p><\/p>\n<h4><strong>Ablauf<\/strong><\/h4>\n<p>Alle Teilnehmer improvisieren \u00fcber die gleichen Motive. Also reihum improvisieren z.B. alle \u00fcber das Violinkonzert von Beethoven oder ein Fl\u00f6tenkonzert von Mozart. Einer spielt, die anderen h\u00f6ren zu. Wir beginnen mit der Abwandlung kleiner Motive, die wir den Themen entnehmen und \u00fcben das Improvisieren, ohne auf Harmonieverl\u00e4ufe und Stilistik besondere Aufmerksamkeit zu legen. Wenn wir gen\u00fcgend Erfahrung mit dem freien Spiel gemacht haben, kommen die harmonischen Regeln dazu. Schlie\u00dflich schreiben wir Kadenzen auf und spielen sie dann einander vor. Im Anschluss daran besprechen wir die Kompositionen.<\/p>\n<h4><strong>Organisatorische Details <\/strong><\/h4>\n<ul>\n<li>Zielgruppe: Streicher und Bl\u00e4ser<\/li>\n<li>7 aktive Teilnehmer, unbegrenzt passive Zuh\u00f6rer, Warteliste f\u00fcr Absagen von aktiven Teilnehmern<\/li>\n<li>Der Workshop ist ein in sich abgeschlossener Kurs und dauert einen Tag lang. Ich schlage 2 Workshops an zwei Tagen hintereinander vor.<\/li>\n<li>Zeitplan f\u00fcr einen Kurs: 10.00 bis 12.30, dann weiter von 13.30-16 Uhr<\/li>\n<li>Mitbringen: Instrument, Notenpapier, Bleistift, Radiergummi. Klavierauszug der Konzerte. Ggf. Notenmaterial der Standardkadenzen<\/li>\n<\/ul>\n\n\n<p><\/p>\n\n\n\n<p><\/p>\n\n\n\n<p><\/p>\n\n\n\n<p><\/p>","protected":false},"excerpt":{"rendered":"<p>Der eint\u00e4gige Workshop gliedert sich in vier Abschnitte Melodische Improvisation und Einf\u00fchrung in die Regeln. Ber\u00fccksichtigung der harmonischen Regeln. Anwendung und \u00dcben. Komposition von Kadenzen, Vorspiel und Besprechen der Kompositionen. Ablauf Alle Teilnehmer improvisieren \u00fcber die gleichen Motive. Also reihum improvisieren z.B. alle \u00fcber das Violinkonzert von Beethoven oder ein Fl\u00f6tenkonzert von Mozart. Einer spielt, [&hellip;]<\/p>\n","protected":false},"author":1,"featured_media":0,"parent":0,"menu_order":0,"comment_status":"closed","ping_status":"closed","template":"","meta":{"h5ap_radio_sources":[],"footnotes":""},"class_list":["post-133","page","type-page","status-publish","hentry","entry"],"_links":{"self":[{"href":"http:\/\/www.davidstromberg.de\/en\/wp-json\/wp\/v2\/pages\/133","targetHints":{"allow":["GET"]}}],"collection":[{"href":"http:\/\/www.davidstromberg.de\/en\/wp-json\/wp\/v2\/pages"}],"about":[{"href":"http:\/\/www.davidstromberg.de\/en\/wp-json\/wp\/v2\/types\/page"}],"author":[{"embeddable":true,"href":"http:\/\/www.davidstromberg.de\/en\/wp-json\/wp\/v2\/users\/1"}],"replies":[{"embeddable":true,"href":"http:\/\/www.davidstromberg.de\/en\/wp-json\/wp\/v2\/comments?post=133"}],"version-history":[{"count":0,"href":"http:\/\/www.davidstromberg.de\/en\/wp-json\/wp\/v2\/pages\/133\/revisions"}],"wp:attachment":[{"href":"http:\/\/www.davidstromberg.de\/en\/wp-json\/wp\/v2\/media?parent=133"}],"curies":[{"name":"wp","href":"https:\/\/api.w.org\/{rel}","templated":true}]}}