{"id":137,"date":"2020-01-17T17:03:44","date_gmt":"2020-01-17T16:03:44","guid":{"rendered":"http:\/\/wp1058403.server-he.de\/?page_id=137"},"modified":"2020-01-19T16:00:38","modified_gmt":"2020-01-19T15:00:38","slug":"musikhochschule-detmold-i-2019","status":"publish","type":"page","link":"http:\/\/www.davidstromberg.de\/en\/musikhochschule-detmold-i-2019\/","title":{"rendered":"Musikhochschule Detmold"},"content":{"rendered":"<p>January 24 and 25, 2019<\/p>\n<p>\u00a0<\/p>\n\n<h4><strong data-rich-text-format-boundary=\"true\">Finden Sie das Workshopthema relevant f\u00fcr Ihre Ausbildung und Ihre T\u00e4tigkeit als Musiker? Wenn ja, inwiefern?<\/strong><\/h4>\n\n\n<p><em>Ja! In der Oboenliteratur von Barock bis Klassik spielen wir oft Kadenzen und es ist sehr wichtig zu wissen, wie die Kadenzen gut aufgebaut werden.<\/em> <em>Andras Gy\u00f6ri, Oboe<\/em><\/p>\n\n\n\n<p><em>Ja! Kadenzen zu machen und zu spielen ist sehr wichtig. Ich habe das heute gelernt.<\/em> <em>Beom Jin Lee, Fl\u00f6te<\/em> <\/p>\n\n\n\n<p><em>Ja. Improvisieren sollte jeder klassische Musiker beherrschen, da dadurch das theoretische Verst\u00e4ndnis w\u00e4chst.<\/em> <em>Fiona Paulini, Fl\u00f6te<\/em><\/p>\n\n\n\n<p><em>Ja, ich finde es sehr relevant. Es macht die Versiertheit des Musikers aus.<\/em> <em>Felix Bruchlacher, Klarinette<\/em><\/p>\n\n\n\n<p><em>Ja, weil man es oft braucht!<\/em> <em>Laura-Sophie Witt, Klarinette<\/em><\/p>\n\n\n<h4><strong data-rich-text-format-boundary=\"true\">Welchen Nutzen k\u00f6nnen Sie aus dem Kurs ziehen?<\/strong><\/h4>\n\n\n<p><em>Jetzt habe ich Anhaltspunkte, um selbst Kadenzen zu schreiben.<\/em> <em>Laura-Sophie Witt, Klarinette<\/em><\/p>\n\n\n\n<p><em>Einen gro\u00dfen!<\/em> <em>Fiona Paulini<\/em><\/p>\n\n\n\n<p><em>Ich habe heute gelernt, Kadenzen zu spielen. Das ist f\u00fcr mich eine sehr wichtige Erfahrung! Danke sch\u00f6n!<\/em><strong> <\/strong><em>Beom Jin Lee, Fl\u00f6te<\/em><strong><br> <\/strong><\/p>\n\n\n<h4><strong data-rich-text-format-boundary=\"true\">Verstehen Sie komponierte Kadenzen nun besser? K\u00f6nnen Sie komponierte Kadenzen nun besser spielen?<\/strong><\/h4>\n\n\n<p><em>Ja, eindeutig besser.<\/em> <em>Andras Gy\u00f6ri, Oboe<\/em><\/p>\n\n\n\n<p><em>Ja!<\/em> <em>Alle Teilnehmer<\/em><\/p>\n\n\n<h4><strong data-rich-text-format-boundary=\"true\">Hat der Kurs Spa\u00df gemacht?<\/strong><\/h4>\n\n\n<p><em>Ja!<\/em> <em>Alle Teilnehmer<\/em><\/p>\n\n\n<h4><strong data-rich-text-format-boundary=\"true\">Haben Sie weitere Anmerkungen?<\/strong><\/h4>\n\n\n<p><em>Es w\u00e4re sehr bereichernd, wenn es diese Kurse \u00f6fter g\u00e4be z.B. als Wahlfach im Studium.<\/em> <em>Fiona Paulini<\/em><\/p>\n\n\n\n<p><em>Sehr interessant!<\/em> <em>Laura-Sophie Witt, Klarinette<\/em><\/p>","protected":false},"excerpt":{"rendered":"<p>24. und 25. Januar 2019 \u00a0 Finden Sie das Workshopthema relevant f\u00fcr Ihre Ausbildung und Ihre T\u00e4tigkeit als Musiker? Wenn ja, inwiefern? Ja! In der Oboenliteratur von Barock bis Klassik spielen wir oft Kadenzen und es ist sehr wichtig zu wissen, wie die Kadenzen gut aufgebaut werden. Andras Gy\u00f6ri, Oboe Ja! Kadenzen zu machen und [&hellip;]<\/p>\n","protected":false},"author":1,"featured_media":0,"parent":0,"menu_order":0,"comment_status":"closed","ping_status":"closed","template":"","meta":{"h5ap_radio_sources":[],"footnotes":""},"class_list":["post-137","page","type-page","status-publish","hentry","entry"],"_links":{"self":[{"href":"http:\/\/www.davidstromberg.de\/en\/wp-json\/wp\/v2\/pages\/137","targetHints":{"allow":["GET"]}}],"collection":[{"href":"http:\/\/www.davidstromberg.de\/en\/wp-json\/wp\/v2\/pages"}],"about":[{"href":"http:\/\/www.davidstromberg.de\/en\/wp-json\/wp\/v2\/types\/page"}],"author":[{"embeddable":true,"href":"http:\/\/www.davidstromberg.de\/en\/wp-json\/wp\/v2\/users\/1"}],"replies":[{"embeddable":true,"href":"http:\/\/www.davidstromberg.de\/en\/wp-json\/wp\/v2\/comments?post=137"}],"version-history":[{"count":0,"href":"http:\/\/www.davidstromberg.de\/en\/wp-json\/wp\/v2\/pages\/137\/revisions"}],"wp:attachment":[{"href":"http:\/\/www.davidstromberg.de\/en\/wp-json\/wp\/v2\/media?parent=137"}],"curies":[{"name":"wp","href":"https:\/\/api.w.org\/{rel}","templated":true}]}}