{"id":141,"date":"2020-01-17T17:06:29","date_gmt":"2020-01-17T16:06:29","guid":{"rendered":"http:\/\/wp1058403.server-he.de\/?page_id=141"},"modified":"2020-01-19T17:59:52","modified_gmt":"2020-01-19T16:59:52","slug":"musikhochschule-nuernberg-2019","status":"publish","type":"page","link":"http:\/\/www.davidstromberg.de\/en\/musikhochschule-nuernberg-2019\/","title":{"rendered":"Musikhochschule N\u00fcrnberg"},"content":{"rendered":"<p><strong>am 3. und 4. Dezember<\/strong><\/p>\n\n\n\n<p>      <\/p>\n\n\n<h4><strong data-rich-text-format-boundary=\"true\">Finden Sie das Workshopthema relevant f\u00fcr Ihre Ausbildung und Ihre T\u00e4tigkeit als Musiker? Wenn ja, inwiefern?<\/strong><\/h4>\n<p><em>Ja, da ich nun das Ger\u00fcst einer Kadenz kenne (vor allem die Schlusswendung), <\/em><em>wei\u00df, wie man am besten improvisiert (Zeit, Pausen zum Ideensammeln). <\/em><em>Thema Kadenz ist nicht mehr so ungreifbar. <\/em><em>Kadenz als eigenes k\u00fcnstlerisches Ausdrucksmittel. <\/em><em>Magdalena Maier<\/em><\/p>\n\n\n<p><em>Ja, man wird angeregt, noch mal ganz frisch \u00fcber Funktion, Wert und Schwierigkeit der Kadenz nachzudenken und nicht nur die Standartkadenzen so zu \u00fcben wie sie \u201egeh\u00f6rt werden m\u00f6chten\u201c<\/em>. <em>Felix Leissner<\/em><\/p>\n\n\n\n<p><em>Ja, es ist interessant und wichtig, auch frei (ohne Noten) spielen zu k\u00f6nnen. Die Kreativit\u00e4t wacht auf und entwickelt sich<\/em>. <em>Yelyzaveta Zaitseva<\/em><\/p>\n\n\n\n<p><em>Ja, sehr!<\/em>  <em>Raquel Conde Holtzmann<\/em><\/p>\n\n\n\n<p><em>Ja. F\u00fcr eigene Kadenzen, aber auch f\u00fcr freies Spiel und einen flexibleren Umgang mit dem Instrument. Verst\u00e4ndnis von harmonischen Strukturen wird erweitert. Grundlagen zur Entwicklung improvisatorischer F\u00e4higkeiten wird gelegt.<\/em> <em>Josefin M\u00fcller<\/em><\/p>\n\n\n\n<p><em>Man lernt die harmonischen Strukturen und lernt, komponierte Kadenzen besser zu interpretieren<\/em>. <em>Wenjie Bao<\/em><\/p>\n\n\n\n<p><em>Ja, weil es wichtig ist, eine Kadenz selbst schreiben zu k\u00f6nnen.<\/em> <em>Emma Parmigiani<\/em><\/p>\n\n\n<h4><strong data-rich-text-format-boundary=\"true\">Welchen Nutzen k\u00f6nnen Sie aus dem Kurs ziehen?<\/strong><\/h4>\n\n\n<p><em>Distanz und Scheu vor dem Komponieren einer Kadenz ist weg. Ich habe gro\u00dfe Lust, f\u00fcr ein Konzert meine eigenen Kadenzen zu schreiben.<\/em> <em>Felix Leissner<\/em><\/p>\n\n\n\n<p><em>Improvisiererfahrung. Zeit und Pausen sind essentiell, auch bei bereits Geschriebenen<\/em>. <em>Magdalena Maier<\/em><\/p>\n\n\n\n<p><em>Der Kurs hat auf jeden Fall meinen Horizont erweitert und es war sehr sch\u00f6n, mal nicht nur zu interpretieren, sondern auch sch\u00f6pferisch t\u00e4tig zu sein.<\/em> <em>Laura Ion<\/em><\/p>\n\n\n\n<p><em>Ich kann nun Hauptthemen in einer Kadenz frei entwickeln und verstehe harmonische Strukturen und Funktionen besser.<\/em> <em>Emma Parmigiani<\/em><\/p>\n\n\n\n<p><em>Ich m\u00f6chte Kadenzen schreiben k\u00f6nnen und habe eine erweiterte Kenntnis zur Harmonielehre erlangt<\/em>. <em>Raquel Conde Holtzmann<\/em><\/p>\n\n\n\n<p><em>Ich habe mich mit den Themen Pausen, Phrasierung und Performen besch\u00e4ftigt und das war gewinnbringend.<\/em> <em>Lih-Nian Chen<\/em><\/p>\n\n\n\n<p><em>Improvisieren, Kadenzen schreiben, Harmonien kennen. An die Bewegung und Rhetorik denken.<\/em> <em>Aikaterini Konstantinou<\/em><\/p>\n\n\n\n<p><em>Erste Schritte im eigenem Kadenzschreiben. Wichtigkeit der verschiedenen Arten von Pausen<\/em>. <em>Yelyzaveta Zaitseva<\/em><\/p>\n\n\n<h4><strong data-rich-text-format-boundary=\"true\">Verstehen Sie komponierte Kadenzen nun besser? <\/strong><\/h4>\n\n\n<p><em>Ja. Struktur nun\nbesser nachvollziehbar. <\/em><\/p>\n\n\n\n<p><em>Josefin M\u00fcller<\/em><\/p>\n\n\n\n<p><em>Ja, harmonische Struktur besser verstanden<\/em>. <em>Magdalena Maier<\/em><\/p>\n\n\n<h4><strong data-rich-text-format-boundary=\"true\">K\u00f6nnen Sie komponierte Kadenzen nun besser spielen?<\/strong><\/h4>\n\n\n<p><em>Ja!<\/em> <em>Alle Teilnehmer<\/em><\/p>\n\n\n\n<p><em>Das muss ich ausprobieren. Aber ich bin sicher: ja<\/em>. <em>Emma Parmigiani<\/em><\/p>\n\n\n\n<p><em>Ja. Umgang mit Pausen, Ruhe bewahren, Freiheit gewonnen.<\/em> <em>Josefin M\u00fcller<\/em><\/p>\n\n\n\n<p><em>Ich fand, die Rhetorik mit den Pausen und die Bewegungen beim Improvisieren helfen auch beim Interpretieren<\/em>. <em>Aikaterini Konstantinou<\/em><\/p>\n\n\n<h4><strong data-rich-text-format-boundary=\"true\">Hat der Kurs Spa\u00df gemacht?<\/strong><\/h4>\n\n\n<p><em>Ja!<\/em> <em>Alle Teilnehmer<\/em><\/p>\n\n\n\n<p>Ja, sehr! <em>Magdalena Maier<\/em><\/p>\n\n\n\n<p><em>Viel! Ich w\u00fcrde ihn sehr gern wiederholen<\/em>! <em>Aikaterini Konstantinou<\/em><\/p>\n\n\n<h4><strong data-rich-text-format-boundary=\"true\">Haben Sie weitere Anmerkungen?<\/strong><\/h4>\n\n\n<p><em>Es sollte noch einmal einen solchen Kurs geben, der darauf aufbaut.<\/em> <em>Magdalena Maier<\/em><\/p>\n\n\n\n<p><em>Analyse von auskomponierten Kadenzen w\u00e4re sinnvoll. Kursus erweitern in Form eines Blockseminars<\/em>. <em>Yelyzaveta Zaitseva<\/em><\/p>\n\n\n<h4><strong data-rich-text-format-boundary=\"true\">Haben Sie Verbesserungsvorschl\u00e4ge?<\/strong><\/h4>\n\n\n<p><em>Mehr Zeit f\u00fcr den Kurs. 2 Tage<\/em>. <em>Aikaterini Konstantinou<\/em><\/p>","protected":false},"excerpt":{"rendered":"<p>am 3. und 4. Dezember Finden Sie das Workshopthema relevant f\u00fcr Ihre Ausbildung und Ihre T\u00e4tigkeit als Musiker? Wenn ja, inwiefern? Ja, da ich nun das Ger\u00fcst einer Kadenz kenne (vor allem die Schlusswendung), wei\u00df, wie man am besten improvisiert (Zeit, Pausen zum Ideensammeln). Thema Kadenz ist nicht mehr so ungreifbar. Kadenz als eigenes k\u00fcnstlerisches [&hellip;]<\/p>\n","protected":false},"author":1,"featured_media":0,"parent":0,"menu_order":0,"comment_status":"closed","ping_status":"closed","template":"","meta":{"h5ap_radio_sources":[],"footnotes":""},"class_list":["post-141","page","type-page","status-publish","hentry","entry"],"_links":{"self":[{"href":"http:\/\/www.davidstromberg.de\/en\/wp-json\/wp\/v2\/pages\/141","targetHints":{"allow":["GET"]}}],"collection":[{"href":"http:\/\/www.davidstromberg.de\/en\/wp-json\/wp\/v2\/pages"}],"about":[{"href":"http:\/\/www.davidstromberg.de\/en\/wp-json\/wp\/v2\/types\/page"}],"author":[{"embeddable":true,"href":"http:\/\/www.davidstromberg.de\/en\/wp-json\/wp\/v2\/users\/1"}],"replies":[{"embeddable":true,"href":"http:\/\/www.davidstromberg.de\/en\/wp-json\/wp\/v2\/comments?post=141"}],"version-history":[{"count":0,"href":"http:\/\/www.davidstromberg.de\/en\/wp-json\/wp\/v2\/pages\/141\/revisions"}],"wp:attachment":[{"href":"http:\/\/www.davidstromberg.de\/en\/wp-json\/wp\/v2\/media?parent=141"}],"curies":[{"name":"wp","href":"https:\/\/api.w.org\/{rel}","templated":true}]}}