{"id":1455,"date":"2022-08-22T10:35:43","date_gmt":"2022-08-22T08:35:43","guid":{"rendered":"http:\/\/www.davidstromberg.de\/?page_id=1455"},"modified":"2022-08-22T10:44:54","modified_gmt":"2022-08-22T08:44:54","slug":"hamburger-abendblatt-16-8-2022","status":"publish","type":"page","link":"http:\/\/www.davidstromberg.de\/en\/hamburger-abendblatt-16-8-2022\/","title":{"rendered":"Hamburger Abendblatt, 16.8.2022"},"content":{"rendered":"<div data-elementor-type=\"wp-page\" data-elementor-id=\"1455\" class=\"elementor elementor-1455\">\n\t\t\t\t\t\t<section class=\"elementor-section elementor-top-section elementor-element elementor-element-c328838 elementor-section-full_width elementor-section-height-default elementor-section-height-default\" data-id=\"c328838\" data-element_type=\"section\" data-e-type=\"section\">\n\t\t\t\t\t\t<div class=\"elementor-container elementor-column-gap-default\">\n\t\t\t\t\t<div class=\"elementor-column elementor-col-100 elementor-top-column elementor-element elementor-element-b580794\" data-id=\"b580794\" data-element_type=\"column\" data-e-type=\"column\">\n\t\t\t<div class=\"elementor-widget-wrap elementor-element-populated\">\n\t\t\t\t\t\t<div class=\"elementor-element elementor-element-ddcb581 elementor-widget elementor-widget-image\" data-id=\"ddcb581\" data-element_type=\"widget\" data-e-type=\"widget\" data-widget_type=\"image.default\">\n\t\t\t\t<div class=\"elementor-widget-container\">\n\t\t\t\t\t\t\t\t\t\t\t\t\t\t\t<img decoding=\"async\" width=\"700\" height=\"68\" src=\"http:\/\/www.davidstromberg.de\/wp-content\/uploads\/2022\/08\/Hamburger_Abendblatt_Logo-2-700x68.jpg\" class=\"attachment-large size-large wp-image-1465\" alt=\"\" srcset=\"http:\/\/www.davidstromberg.de\/wp-content\/uploads\/2022\/08\/Hamburger_Abendblatt_Logo-2-700x68.jpg 700w, http:\/\/www.davidstromberg.de\/wp-content\/uploads\/2022\/08\/Hamburger_Abendblatt_Logo-2-300x29.jpg 300w, http:\/\/www.davidstromberg.de\/wp-content\/uploads\/2022\/08\/Hamburger_Abendblatt_Logo-2-768x75.jpg 768w, http:\/\/www.davidstromberg.de\/wp-content\/uploads\/2022\/08\/Hamburger_Abendblatt_Logo-2-1536x150.jpg 1536w, http:\/\/www.davidstromberg.de\/wp-content\/uploads\/2022\/08\/Hamburger_Abendblatt_Logo-2-2048x199.jpg 2048w, http:\/\/www.davidstromberg.de\/wp-content\/uploads\/2022\/08\/Hamburger_Abendblatt_Logo-2-18x2.jpg 18w, http:\/\/www.davidstromberg.de\/wp-content\/uploads\/2022\/08\/Hamburger_Abendblatt_Logo-2-24x2.jpg 24w, http:\/\/www.davidstromberg.de\/wp-content\/uploads\/2022\/08\/Hamburger_Abendblatt_Logo-2-36x4.jpg 36w, http:\/\/www.davidstromberg.de\/wp-content\/uploads\/2022\/08\/Hamburger_Abendblatt_Logo-2-48x5.jpg 48w\" sizes=\"(max-width: 700px) 100vw, 700px\" \/>\t\t\t\t\t\t\t\t\t\t\t\t\t\t\t<\/div>\n\t\t\t\t<\/div>\n\t\t\t\t\t<\/div>\n\t\t<\/div>\n\t\t\t\t\t<\/div>\n\t\t<\/section>\n\t\t\t\t<section class=\"elementor-section elementor-top-section elementor-element elementor-element-462edf7 elementor-section-full_width elementor-section-height-default elementor-section-height-default\" data-id=\"462edf7\" data-element_type=\"section\" data-e-type=\"section\">\n\t\t\t\t\t\t<div class=\"elementor-container elementor-column-gap-default\">\n\t\t\t\t\t<div class=\"elementor-column elementor-col-100 elementor-top-column elementor-element elementor-element-17e16c7\" data-id=\"17e16c7\" data-element_type=\"column\" data-e-type=\"column\">\n\t\t\t<div class=\"elementor-widget-wrap elementor-element-populated\">\n\t\t\t\t\t\t<div class=\"elementor-element elementor-element-3823a6d elementor-widget elementor-widget-text-editor\" data-id=\"3823a6d\" data-element_type=\"widget\" data-e-type=\"widget\" data-widget_type=\"text-editor.default\">\n\t\t\t\t<div class=\"elementor-widget-container\">\n\t\t\t\t\t\t\t\t\t<p>Konzert Hamburg<time datetime=\"2022-08-16T05:49+0200\">. Aktualisiert: 16.08.2022<\/time>, Verena Fischer-Zernin<\/p><div><figure><picture><source media=\"(max-width: 420px)\" \/><source media=\"(max-width: 640px)\" \/><source media=\"(max-width: 960px)\" \/><source \/><\/picture><p>\u00a0<\/p><figcaption><div><p>Der Hamburger Cellist David Stromberg entdeckte diesen seltenen Fl\u00fcgel aus den 1920er-Jahren.<\/p><\/div><p>Foto:\u00a0Michael Rauhe \/ FUNKE Foto Services<\/p><\/figcaption><\/figure><div><p>Der Hamburger David Stromberg verhilft dem Duplex Coupler Grand Piano zu neuem Ruhm. Was den Fl\u00fcgel so besonders macht.<\/p><\/div><\/div>\t\t\t\t\t\t\t\t<\/div>\n\t\t\t\t<\/div>\n\t\t\t\t\t<\/div>\n\t\t<\/div>\n\t\t\t\t\t<\/div>\n\t\t<\/section>\n\t\t\t\t<section class=\"elementor-section elementor-top-section elementor-element elementor-element-3332837 elementor-section-full_width elementor-section-height-default elementor-section-height-default\" data-id=\"3332837\" data-element_type=\"section\" data-e-type=\"section\">\n\t\t\t\t\t\t<div class=\"elementor-container elementor-column-gap-default\">\n\t\t\t\t\t<div class=\"elementor-column elementor-col-100 elementor-top-column elementor-element elementor-element-6a1b215\" data-id=\"6a1b215\" data-element_type=\"column\" data-e-type=\"column\">\n\t\t\t<div class=\"elementor-widget-wrap elementor-element-populated\">\n\t\t\t\t\t\t<div class=\"elementor-element elementor-element-5d70e3a elementor-widget elementor-widget-image\" data-id=\"5d70e3a\" data-element_type=\"widget\" data-e-type=\"widget\" data-widget_type=\"image.default\">\n\t\t\t\t<div class=\"elementor-widget-container\">\n\t\t\t\t\t\t\t\t\t\t\t\t\t\t\t<img fetchpriority=\"high\" decoding=\"async\" width=\"700\" height=\"394\" src=\"http:\/\/www.davidstromberg.de\/wp-content\/uploads\/2022\/08\/IMG_2424-700x394.jpg\" class=\"attachment-large size-large wp-image-1462\" alt=\"\" srcset=\"http:\/\/www.davidstromberg.de\/wp-content\/uploads\/2022\/08\/IMG_2424-700x394.jpg 700w, http:\/\/www.davidstromberg.de\/wp-content\/uploads\/2022\/08\/IMG_2424-300x169.jpg 300w, http:\/\/www.davidstromberg.de\/wp-content\/uploads\/2022\/08\/IMG_2424-768x432.jpg 768w, http:\/\/www.davidstromberg.de\/wp-content\/uploads\/2022\/08\/IMG_2424-18x10.jpg 18w, http:\/\/www.davidstromberg.de\/wp-content\/uploads\/2022\/08\/IMG_2424-24x14.jpg 24w, http:\/\/www.davidstromberg.de\/wp-content\/uploads\/2022\/08\/IMG_2424-36x20.jpg 36w, http:\/\/www.davidstromberg.de\/wp-content\/uploads\/2022\/08\/IMG_2424-48x27.jpg 48w, http:\/\/www.davidstromberg.de\/wp-content\/uploads\/2022\/08\/IMG_2424.jpg 1200w\" sizes=\"(max-width: 700px) 100vw, 700px\" \/>\t\t\t\t\t\t\t\t\t\t\t\t\t\t\t<\/div>\n\t\t\t\t<\/div>\n\t\t\t\t\t<\/div>\n\t\t<\/div>\n\t\t\t\t\t<\/div>\n\t\t<\/section>\n\t\t\t\t<section class=\"elementor-section elementor-top-section elementor-element elementor-element-8e37a14 elementor-section-full_width elementor-section-height-default elementor-section-height-default\" data-id=\"8e37a14\" data-element_type=\"section\" data-e-type=\"section\">\n\t\t\t\t\t\t<div class=\"elementor-container elementor-column-gap-default\">\n\t\t\t\t\t<div class=\"elementor-column elementor-col-100 elementor-top-column elementor-element elementor-element-bfcdc20\" data-id=\"bfcdc20\" data-element_type=\"column\" data-e-type=\"column\">\n\t\t\t<div class=\"elementor-widget-wrap elementor-element-populated\">\n\t\t\t\t\t\t<div class=\"elementor-element elementor-element-53a4cad elementor-widget elementor-widget-text-editor\" data-id=\"53a4cad\" data-element_type=\"widget\" data-e-type=\"widget\" data-widget_type=\"text-editor.default\">\n\t\t\t\t<div class=\"elementor-widget-container\">\n\t\t\t\t\t\t\t\t\t<p>Hamburg.\u00a0Es liegt nicht an der falschen Brille und auch nicht am \u00fcberm\u00e4\u00dfigen Genuss geistiger Getr\u00e4nke: Dieser Fl\u00fcgel hat wirklich zwei Tastaturen anstatt einer. Die zweite, hintere liegt ein wenig h\u00f6her. Von der Seite betrachtet, ist der vordere Teil des Fl\u00fcgels etwas ausladender als gew\u00f6hnlich. Ansonsten pr\u00e4sentiert er sich mit dem gattungstypischen Selbstbewusstsein: lackschwarz und dreibeinig steht er da, auf der Innenseite des Klavierdeckels prangt in Frakturschrift der Name \u201eB\u00f6sendorfer\u201c. Allerfeinste Klavierbaueradresse.<\/p><div><p><strong>Duplex Coupler Grand Piano<\/strong> nennt sich das wundersame Instrument. Am 28. September ist es bei einem <strong>Kammerkonzert<\/strong> im Kleinen Saal der <strong>Elbphilharmonie<\/strong> zu h\u00f6ren. Auf dem Programm stehen Werke von Camille Saint-Sa\u00ebns, Claude Debussy, Arnold Sch\u00f6nberg und Emanuel Mo\u00f3r, den Klavierpart \u00fcbernimmt Florian Uhlig. Bis zum 27. September ist das <br \/>B\u00f6sendorfer-Exemplar in der Sammlung Beurmann im Museum f\u00fcr Kunst und Gewerbe zu sehen.<\/p><h3>Konzert Hamburg: Fl\u00fcgel ist ein Kuriosum<\/h3><p>Dass ein Instrument zwei Manuale hat, kennt man von Orgeln und Cembali. Ein Fl\u00fcgel mit zwei Manualen aber ist ein Kuriosum. Die T\u00f6ne der hinteren Tastatur liegen eine Oktave h\u00f6her, was dem Spieler extreme Spr\u00fcnge erleichtern kann. Vor allem aber lassen sich beide Manuale mit einem Pedal koppeln. Schl\u00e4gt man dann auf dem unteren Manual einen Ton an, klingt die h\u00f6here Oktave automatisch mit.<\/p><p>Kaum jemand wei\u00df heute von diesem Instrument und schon gar nichts von der glanzvollen Karriere, die es in den 1920er-Jahren machte. Bedeutende Dirigenten und Orchestern haben mit ihm konzertiert, darunter die Wiener Philharmoniker unter Bruno Walter, das Concertgebouw Orchestra und auch das Philharmonische Staatsorchester Hamburg. Bruno Walter bescheinigte dem Fl\u00fcgel eine \u201enie f\u00fcr m\u00f6glich gehaltene F\u00fclle des Klangs, die durch die Kopplung und die Oktavierungen entsteht\u201c, und zeigte sich tief beeindruckt von den technischen Neuerungen.<\/p><h3>Stromberg verhalf Duplex zu neuem Ruhm<\/h3><p>\u201eDas Duplex sollte das Klavier der Zukunft werden\u201c, sagt David Stromberg. Wenn jemand das Instrument beim Vornamen nennen darf, dann wohl er. Stromberg hat sich dessen dramatischer Geschichte mit Haut und Haar verschrieben. Dass er, selbst Konzertcellist und kein Pianist, sie entdeckte, war ein Zufall. Mit der gro\u00dfen Zukunft des Duplex war es zu Beginn der 30er-Jahre n\u00e4mlich schon vorbei, es fiel dem Vergessen anheim. Viele Jahrzehnte sp\u00e4ter stie\u00df Stromberg bei der Suche nach Celloliteratur auf den Komponisten Emanuel Mo\u00f3r \u2013 den Komponisten, dessen Cellosonate er am 28. September spielen wird. Und stellte fest: Dieser Mo\u00f3r war nicht nur Komponist gewesen, er hatte auch einen nie dagewesenen Fl\u00fcgel entwickelt.<\/p><p>Manche Schicksale bieten eben Stoff f\u00fcr mehrere Leben. Der Ungar Mo\u00f3r, Jahrgang 1863, war Pianist und heiratete die Tochter eines amerikanischen Whiskey-Importeurs. Materielle Sorgen scheint das Paar nicht gekannt zu haben, man lebte jahrelang in Schweizer Luxushotels. Die Cr\u00e8me der europ\u00e4ischen Musiker spielte Mo\u00f3rs Werke, deren melodienreiche, harmonisch vielf\u00e4ltige Tonsprache noch ganz der Sp\u00e4tromantik verhaftet war.<\/p><h3>\u201eB\u00f6sendorfer ist zuletzt eingestiegen\u201c<\/h3><p>Doch nach dem Ersten Weltkrieg h\u00f6rte Mo\u00f3r auf zu komponieren. Ob es daran lag, dass er und seine Frau zwei Kinder kurz nach der Geburt und einen Ziehsohn im Krieg verloren hatten, ist nicht gewiss. Was wir aber wissen: Mo\u00f3r wurde Erfinder und war auf diesem Gebiet offenbar genauso begabt wie als Komponist.<\/p><p>Um den Prototypen f\u00fcr seine Entwicklung zu bauen, zers\u00e4gte er mit zwei Tischlern kurzerhand einen Fl\u00fcgel. Ein Klavierbauunternehmen nach dem anderen band er in das Projekt ein, alle Erfahrungen nahm er mit und verfeinerte das Modell immer weiter. Pleyel, Bechstein, Steinway, B\u00f6sendorfer, sie alle haben Duplex-Modelle gebaut. \u201eB\u00f6sendorfer ist zuletzt eingestiegen\u201c, erz\u00e4hlt Stromberg, \u201eihre Modelle geh\u00f6ren zu den ausgereiftesten.\u201c<\/p><h3>Fl\u00fcgel bietet neue M\u00f6glichkeiten<\/h3><p>Der \u00fcppige, silbrige Klang und die neuartigen M\u00f6glichkeiten des Instruments fanden Anklang. Werner von Siemens, selbst Erfinder, lie\u00df sich von Steinway einen Fl\u00fcgel bauen, der lange in der Berliner Siemens-Villa stand. Die Pianistin <br \/>Winifred Christie, Mo\u00f3rs zweite Frau, verlegte sich ganz auf das Duplex und deb\u00fctierte mit ihm in der Carnegie Hall. Und ihr Kollege Alfred Cortot richtete f\u00fcr das Instrument eine eigene Klavierklasse ein.<\/p><p>Das war auch sinnvoll. Denn der Spieler muss nicht nur grifftechnisch den Weg zur zweiten Tastatur finden. Wenn man das Kopplungspedal tritt und die beiden Manuale zusammenschaltet, erh\u00f6ht sich auch der Widerstand der Tasten beim Herunterdr\u00fccken. \u201eMan muss unglaublich zulangen. Die Mechanik ist im gekoppelten Zustand sehr viel schwerer\u201c, sagt der Pianist Florian Uhlig. Er hat sich sofort darauf eingelassen, mit dem Instrument zu konzertieren: \u201eEs juckte mich in den Fingern, die H\u00e4nde auf zwei Manualen zu haben. Ich wollte wissen, wie klingt das \u00fcberhaupt?\u201c Seine M\u00fchen mit der Kopplung hat der Fl\u00fcgel reich belohnt: \u201eEs klingt dann ganz anders. Als w\u00fcrde man vierh\u00e4ndig spielen. Die Klangf\u00fclle und die Ausdifferenzierung sind bahnbrechend.\u201c<\/p><h3>Duplex konnte sich nicht durchsetzen<\/h3><p>Der Tastenwiderstand mag ein Grund daf\u00fcr gewesen sein, dass das Duplex sich nicht durchsetzen konnte. Ein anderer: Mo\u00f3r war Jude. Er starb 1931, gleichsam am Vorabend der nationalsozialistischen Schreckensherrschaft. Dass Mo\u00f3rs Stern posthum sank, erkl\u00e4rt sich David Stromberg aber auch mit der gewandelten \u00c4sthetik: \u201eNach dem Krieg wollte man es leichter haben, sachlicher, wie wir das auch aus der Architektur kennen. Daf\u00fcr war der Klang des Duplex vielleicht zu schwer.\u201c<\/p><p>Wom\u00f6glich mussten einige Jahrzehnte verstreichen, wom\u00f6glich musste erst eine Bewegung wie die historische Auff\u00fchrungspraxis das Bewusstsein f\u00fcr den Reiz klanglicher Vielgestaltigkeit wecken. Wom\u00f6glich hat Stromberg seine Entdeckung im rechten Moment gemacht.<\/p><h3>Konzert Hamburg: Mo\u00f3r soll Anerkennung erhalten<\/h3><p>Er hat das B\u00f6sendorfer-Exemplar ausfindig gemacht und Mittel f\u00fcr die Restaurierung aufgetrieben, er hat hoch angesehene Musikerkollegen f\u00fcr seine \u201eEmanuel Mo\u00f3r Konzertreihe\u201c gewonnen und eine ganze Phalanx an F\u00f6rderern, allen voran die Henrik und Emanuel Moor Stiftung und die Hans Br\u00f6kel Stiftung.<\/p><p>Die Ideen gehen ihm nicht aus. Im Oktober steht eine Radioaufnahme mit Orchester an, und f\u00fcr die weitere Zukunft tr\u00e4umt er von einem ganzen Mo\u00f3r-Festival. Als sp\u00e4te Anerkennung f\u00fcr einen begnadeten Komponisten und Konstrukteur, dessen Lebenswerk viel zu lange im Schatten gestanden hat.<\/p><p><em><strong>Emanuel Mo\u00f3r Konzertreihe<\/strong> Mi 28.9., 19.30, Elbphilharmonie (Kleiner Saal), Tickets zu 19,- bis 47,- unter T. 44 02 98; weitere Infos unter <a href=\"http:\/\/duplexpiano.de\/\" target=\"_blank\" rel=\"noopener\">www.duplexpiano.de<\/a><\/em><\/p><\/div><div><time datetime=\"2022-08-16T05:49+0200\">Aktualisiert: Di, 16.08.2022, 05.49 Uhr<\/time><\/div>\t\t\t\t\t\t\t\t<\/div>\n\t\t\t\t<\/div>\n\t\t\t\t\t<\/div>\n\t\t<\/div>\n\t\t\t\t\t<\/div>\n\t\t<\/section>\n\t\t\t\t<\/div>","protected":false},"excerpt":{"rendered":"<p>Konzert Hamburg. Aktualisiert: 16.08.2022, Verena Fischer-Zernin Der Hamburger Cellist David Stromberg entdeckte diesen seltenen Fl\u00fcgel aus den 1920er-Jahren. Foto:&nbsp;Michael Rauhe \/ FUNKE Foto Services Der Hamburger David Stromberg verhilft dem Duplex Coupler Grand Piano zu neuem Ruhm. Was den Fl\u00fcgel so besonders macht. Hamburg.&nbsp;Es liegt nicht an der falschen Brille und auch nicht am \u00fcberm\u00e4\u00dfigen [&hellip;]<\/p>\n","protected":false},"author":1,"featured_media":0,"parent":0,"menu_order":0,"comment_status":"closed","ping_status":"closed","template":"","meta":{"h5ap_radio_sources":[],"footnotes":""},"class_list":["post-1455","page","type-page","status-publish","hentry","entry"],"_links":{"self":[{"href":"http:\/\/www.davidstromberg.de\/en\/wp-json\/wp\/v2\/pages\/1455","targetHints":{"allow":["GET"]}}],"collection":[{"href":"http:\/\/www.davidstromberg.de\/en\/wp-json\/wp\/v2\/pages"}],"about":[{"href":"http:\/\/www.davidstromberg.de\/en\/wp-json\/wp\/v2\/types\/page"}],"author":[{"embeddable":true,"href":"http:\/\/www.davidstromberg.de\/en\/wp-json\/wp\/v2\/users\/1"}],"replies":[{"embeddable":true,"href":"http:\/\/www.davidstromberg.de\/en\/wp-json\/wp\/v2\/comments?post=1455"}],"version-history":[{"count":0,"href":"http:\/\/www.davidstromberg.de\/en\/wp-json\/wp\/v2\/pages\/1455\/revisions"}],"wp:attachment":[{"href":"http:\/\/www.davidstromberg.de\/en\/wp-json\/wp\/v2\/media?parent=1455"}],"curies":[{"name":"wp","href":"https:\/\/api.w.org\/{rel}","templated":true}]}}