{"id":454,"date":"2020-02-09T18:53:38","date_gmt":"2020-02-09T17:53:38","guid":{"rendered":"http:\/\/wp1058403.server-he.de\/?page_id=454"},"modified":"2020-02-09T22:27:16","modified_gmt":"2020-02-09T21:27:16","slug":"musikhochschule-hamburg","status":"publish","type":"page","link":"http:\/\/www.davidstromberg.de\/en\/musikhochschule-hamburg\/","title":{"rendered":"Musikhochschule Hamburg"},"content":{"rendered":"<p><strong>February 8, 2020<\/strong><\/p>\n\n\n\n<h4 class=\"wp-block-heading\"><strong>Finden Sie das\nWorkshopthema relevant f\u00fcr Ihre Ausbildung und Ihre T\u00e4tigkeit als Musiker? Wenn\nja, inwiefern?<\/strong><\/h4>\n\n\n\n<p><em>Es ist wichtig, gut improvisieren zu k\u00f6nnen \u2013 nicht nur, weil das einen universellen Musiker ausmacht, sondern auch, weil es sehr hilft, die Musiktheorie, insbesondere die Harmonik, zu verstehen. <\/em>Mariana Gomez<\/p>\n\n\n\n<p><em>Ja, jeder Musikant muss improvisieren k\u00f6nnen. Und mich interessiert das auch besonders! <\/em>Leo Strelle<\/p>\n\n\n\n<p><em>Ja, ich habe jetzt im Kurs nicht nur das Improvisieren gelernt, sondern habe gelernt, wie man Kadenzen interessanter klingen l\u00e4sst (performen). Ich habe jetzt mehr Ahnung von Kadenzen und das wird mir im Konzert helfen.<\/em> Mio Sasaki<\/p>\n\n\n\n<p><em>Ja, denn ich kann dabei sehr an B\u00fchnenpr\u00e4senz arbeiten!<\/em> Anna Perl<\/p>\n\n\n\n<p><em>Ja, ich kann jetzt eine Kadenz schreiben. <\/em>Sheng-Fang Chiu<\/p>\n\n\n\n<p><em>Ja, der Workshop brachte mir bei, wie ich eine eigene Kadenz schreiben kann. <\/em>Yu-Hsuan Chien<\/p>\n\n\n\n<p><em>Ich finde, der Workshop war sehr hilfreich f\u00fcr mich als Musiker!<\/em> Ziling Guo<\/p>\n\n\n\n<h4 class=\"wp-block-heading\"><strong>Welchen Nutzen k\u00f6nnen\nSie aus dem Kurs ziehen?<\/strong><\/h4>\n\n\n\n<p><em>Dass ich beim Konzert im Solokonzert improvisiere. Oder indem ich mit einem Maler ein Live-Projekt mache und Improvisationen spiele.<\/em> <em>Mio Sasaki<\/em><\/p>\n\n\n\n<p><\/p>\n\n\n\n<p><em>Durch den Kurs habe ich klarere Ideen von Kadenzen bekommen.<\/em> Ziling Guo<\/p>\n\n\n\n<p><\/p>\n\n\n\n<p><em>Der Kurs hat mir dazu verholfen, Kadenzen logischer zu schreiben.<\/em> Yu-Hsuan Chien<\/p>\n\n\n\n<p><em>Ich habe mich mit den Pausen in der Musik besch\u00e4ftigt. Weniger ist mehr!<\/em> Anna Perl<\/p>\n\n\n\n<p><\/p>\n\n\n\n<p><em>Ich wei\u00df nun, wie ich eine klassische Kadenz improvisieren kann und wie ich es allein \u00fcben kann. <\/em>Leo Strelle<\/p>\n\n\n\n<h4 class=\"wp-block-heading\"><strong>Verstehen Sie\nkomponierte Kadenzen nun besser? <\/strong><\/h4>\n\n\n\n<p><em>Ja, ich glaube schon.<\/em> Mariana Gomez<\/p>\n\n\n\n<p><em>Ich sp\u00fcre, dass komponierte Kadenzen anders sind als komponierte. Das Wissen um drei Arten von Pausen kann ich in jedem St\u00fcck nutzen!<\/em> Leo Strelle<\/p>\n\n\n\n<p><em>Ja! Ich habe viele wichtige Regeln gelernt und wei\u00df nun, wie ich Phrasen besser gestalten kann. Mache ich mehr musikalische Pausen, werden die Phrasen musikalischer und interessanter klingen.<\/em> Ziling Guo<\/p>\n\n\n\n<p><em>Ich wei\u00df jetzt, wie ich drei verschiedene Arten von Pausen anwende. Das wird in jedem Fall n\u00fctzlich sein.<\/em> <em>Mio Sasaki<\/em><\/p>\n\n\n\n<p><em>Ja.<\/em> Sheng-Fang Chiu, Neng-Fu Yu<\/p>\n\n\n\n<h4 class=\"wp-block-heading\"><strong>Hat der Kurs Spa\u00df\ngemacht?<\/strong><\/h4>\n\n\n\n<p><em>Ja!<\/em> Alle Teilnehmer<\/p>\n\n\n\n<p>Der Kurs hat total Spa\u00df gemacht! Mariana Gomez<\/p>\n\n\n\n<p><em>Ich bin gl\u00fccklich<\/em>. Yu-Hsuan Chien<\/p>\n\n\n\n<p><\/p>\n\n\n\n<p><em>Ja, ich habe viel Spa\u00df gehabt. Man kam auf neue Ideen und etwas aus dem Steggreif auf die B\u00fchne zu bringen, war neu f\u00fcr mich. Ich finde es toll.<\/em> Ziling Guo<\/p>\n\n\n\n<p><em>Ich f\u00fchle mich inspiriert!<\/em> Anna Perl<\/p>\n\n\n\n<h4 class=\"wp-block-heading\"><strong>Haben Sie weitere\nAnmerkungen?<\/strong><\/h4>\n\n\n\n<p><em>Gerne n\u00e4chstes Mal mit anschlie\u00dfendem Konzert<\/em>. Anna Perl<\/p>\n\n\n\n<p><em>Ich hoffe, dass Sie vielleicht Meisterkurse und Einzelunterricht mit dem Thema geben.<\/em> Mio Sasaki<\/p>","protected":false},"excerpt":{"rendered":"<p>8. Februar 2020 Finden Sie das Workshopthema relevant f\u00fcr Ihre Ausbildung und Ihre T\u00e4tigkeit als Musiker? Wenn ja, inwiefern? Es ist wichtig, gut improvisieren zu k\u00f6nnen \u2013 nicht nur, weil das einen universellen Musiker ausmacht, sondern auch, weil es sehr hilft, die Musiktheorie, insbesondere die Harmonik, zu verstehen. Mariana Gomez Ja, jeder Musikant muss improvisieren [&hellip;]<\/p>\n","protected":false},"author":1,"featured_media":0,"parent":0,"menu_order":0,"comment_status":"closed","ping_status":"closed","template":"","meta":{"h5ap_radio_sources":[],"footnotes":""},"class_list":["post-454","page","type-page","status-publish","hentry","entry"],"_links":{"self":[{"href":"http:\/\/www.davidstromberg.de\/en\/wp-json\/wp\/v2\/pages\/454","targetHints":{"allow":["GET"]}}],"collection":[{"href":"http:\/\/www.davidstromberg.de\/en\/wp-json\/wp\/v2\/pages"}],"about":[{"href":"http:\/\/www.davidstromberg.de\/en\/wp-json\/wp\/v2\/types\/page"}],"author":[{"embeddable":true,"href":"http:\/\/www.davidstromberg.de\/en\/wp-json\/wp\/v2\/users\/1"}],"replies":[{"embeddable":true,"href":"http:\/\/www.davidstromberg.de\/en\/wp-json\/wp\/v2\/comments?post=454"}],"version-history":[{"count":0,"href":"http:\/\/www.davidstromberg.de\/en\/wp-json\/wp\/v2\/pages\/454\/revisions"}],"wp:attachment":[{"href":"http:\/\/www.davidstromberg.de\/en\/wp-json\/wp\/v2\/media?parent=454"}],"curies":[{"name":"wp","href":"https:\/\/api.w.org\/{rel}","templated":true}]}}