{"id":81,"date":"2020-01-15T22:30:52","date_gmt":"2020-01-15T21:30:52","guid":{"rendered":"http:\/\/wp1058403.server-he.de\/?page_id=81"},"modified":"2021-06-15T20:51:28","modified_gmt":"2021-06-15T18:51:28","slug":"einfuehrung","status":"publish","type":"page","link":"http:\/\/www.davidstromberg.de\/en\/einfuehrung\/","title":{"rendered":"Improvisation"},"content":{"rendered":"<div data-elementor-type=\"wp-page\" data-elementor-id=\"81\" class=\"elementor elementor-81\">\n\t\t\t\t\t\t<section class=\"elementor-section elementor-top-section elementor-element elementor-element-b1049c8 elementor-section-full_width elementor-section-height-default elementor-section-height-default\" data-id=\"b1049c8\" data-element_type=\"section\" data-e-type=\"section\">\n\t\t\t\t\t\t<div class=\"elementor-container elementor-column-gap-default\">\n\t\t\t\t\t<div class=\"elementor-column elementor-col-100 elementor-top-column elementor-element elementor-element-1ac1dfb4\" data-id=\"1ac1dfb4\" data-element_type=\"column\" data-e-type=\"column\">\n\t\t\t<div class=\"elementor-widget-wrap elementor-element-populated\">\n\t\t\t\t\t\t<div class=\"elementor-element elementor-element-7fde5a2f elementor-widget elementor-widget-text-editor\" data-id=\"7fde5a2f\" data-element_type=\"widget\" data-e-type=\"widget\" data-widget_type=\"text-editor.default\">\n\t\t\t\t<div class=\"elementor-widget-container\">\n\t\t\t\t\t\t\t\t\t<p><\/p>\n<p style=\"text-align: right;\"><strong>Improvisation of cadenzas in a classical solo concert<\/strong><\/p>\n<p><\/p>\n<p style=\"text-align: right;\"><span><span>The improvisation and composition of cadenzas leads to creativity, own musical expression, improved stage presence and individuality. Dealing with the subject helped me a lot to become freer and more coherent when interpreting compositions.<\/span><\/span><br><\/p>\n<p style=\"text-align: right;\"><br><\/p>\n<p style=\"text-align: right;\">At the time of the Viennese classical period, it was common for soloists to improvise the cadenzas in solo concerts off the cuff. They played freely with the motifs of the concert, were able to modify them as desired, reconnect them and develop them further. However, they also had to observe rules. Today improvisation of cadenzas is mostly foreign to musicians. Our course revives this tradition and conveys rules for these improvisations. It is only a small step from improvising the cadenzas to their written fixation in the form of notes. The writing of cadenzas succeeds in the interaction of spontaneous inspiration and knowledge of harmony and structure. With such experiences, the interpretation of written cadences becomes even more coherent, because the musician has gained a new understanding of the matter. He has experienced the improvisational element and can perform concert cadences from this spirit almost improvised. And if you dare to improvise the cadenzas in the concert, you will refresh the audience and the teammates, offer unheard of musical liveliness and, moreover, let the composed parts of the concert appear in a new context.<\/p>\t\t\t\t\t\t\t\t<\/div>\n\t\t\t\t<\/div>\n\t\t\t\t\t<\/div>\n\t\t<\/div>\n\t\t\t\t\t<\/div>\n\t\t<\/section>\n\t\t\t\t<\/div>","protected":false},"excerpt":{"rendered":"<p>Improvisation von Kadenzen im klassischen Solokonzert Die Improvisation und Komposition von Kadenzen f\u00fchrt zu Kreativit\u00e4t, eigenem musikalischen Ausdruck, verbesserter B\u00fchnenpr\u00e4senz und Individualit\u00e4t. Die Besch\u00e4ftigung mit dem Thema hat mir selbst sehr geholfen, um beim Interpretieren von Kompositionen freier und auch stimmiger zu werden. Zur Zeit der Wiener Klassik war es gang und g\u00e4be, dass Solisten [&hellip;]<\/p>\n","protected":false},"author":1,"featured_media":0,"parent":0,"menu_order":0,"comment_status":"closed","ping_status":"closed","template":"","meta":{"h5ap_radio_sources":[],"footnotes":""},"class_list":["post-81","page","type-page","status-publish","hentry","entry"],"_links":{"self":[{"href":"http:\/\/www.davidstromberg.de\/en\/wp-json\/wp\/v2\/pages\/81","targetHints":{"allow":["GET"]}}],"collection":[{"href":"http:\/\/www.davidstromberg.de\/en\/wp-json\/wp\/v2\/pages"}],"about":[{"href":"http:\/\/www.davidstromberg.de\/en\/wp-json\/wp\/v2\/types\/page"}],"author":[{"embeddable":true,"href":"http:\/\/www.davidstromberg.de\/en\/wp-json\/wp\/v2\/users\/1"}],"replies":[{"embeddable":true,"href":"http:\/\/www.davidstromberg.de\/en\/wp-json\/wp\/v2\/comments?post=81"}],"version-history":[{"count":0,"href":"http:\/\/www.davidstromberg.de\/en\/wp-json\/wp\/v2\/pages\/81\/revisions"}],"wp:attachment":[{"href":"http:\/\/www.davidstromberg.de\/en\/wp-json\/wp\/v2\/media?parent=81"}],"curies":[{"name":"wp","href":"https:\/\/api.w.org\/{rel}","templated":true}]}}