{"id":101,"date":"2020-01-15T22:38:18","date_gmt":"2020-01-15T21:38:18","guid":{"rendered":"http:\/\/wp1058403.server-he.de\/?page_id=101"},"modified":"2026-04-04T21:54:36","modified_gmt":"2026-04-04T19:54:36","slug":"konzerttaetigkeit","status":"publish","type":"page","link":"https:\/\/www.davidstromberg.de\/en\/konzerttaetigkeit\/","title":{"rendered":"Schedule"},"content":{"rendered":"<div data-elementor-type=\"wp-page\" data-elementor-id=\"101\" class=\"elementor elementor-101\">\n\t\t\t\t\t\t<section class=\"elementor-section elementor-top-section elementor-element elementor-element-b0be6ad elementor-section-full_width elementor-section-height-default elementor-section-height-default\" data-id=\"b0be6ad\" data-element_type=\"section\" data-e-type=\"section\">\n\t\t\t\t\t\t<div class=\"elementor-container elementor-column-gap-default\">\n\t\t\t\t\t<div class=\"elementor-column elementor-col-33 elementor-top-column elementor-element elementor-element-f48819e\" data-id=\"f48819e\" data-element_type=\"column\" data-e-type=\"column\">\n\t\t\t<div class=\"elementor-widget-wrap elementor-element-populated\">\n\t\t\t\t\t\t<div class=\"elementor-element elementor-element-2719e8e elementor-widget__width-initial elementor-widget elementor-widget-text-editor\" data-id=\"2719e8e\" data-element_type=\"widget\" data-e-type=\"widget\" data-widget_type=\"text-editor.default\">\n\t\t\t\t<div class=\"elementor-widget-container\">\n\t\t\t\t\t\t\t\t\t<h4>2026<\/h4><div><strong>9. November 2026, 19.30<br \/>Elbphilharmonie Hamburg<br \/><\/strong>Emanuel Mo\u00f3r Konzertreihe mit dem Duplex-Piano. Werke von Brahms, Dohn\u00e1yni, Schreker, Mo\u00f3r<br \/>Mit Rebekka Hartmann, Elisabeth Kufferath, Shirley Brill, Adri\u00e1n D\u00edaz Mart\u00ednez, Florian Uhlig<\/div><div><br \/><strong>28. August<\/strong><\/div><div><strong>Konz Festival in Bitburg<\/strong><\/div><div><strong>25. August<\/strong><\/div><div><strong> Piano Salon Christophori, Berlin<\/strong><\/div><div>Mit Seohyeon Kim, Fl\u00f6te, Han-Wen Yu, Klavier<\/div><div>\u00a0<\/div><p><strong>5. Juli<\/strong><br \/><strong>Salzwedel &#8222;Musik im Dialog&#8220;<\/strong><br \/>Werke von Beethoven auf modernen und historischen Instrumenten. Eine Gegen\u00fcberstellung<br \/>Mit Lucas Blondeel, Klavier und Hammerfl\u00fcgel<\/p><div><p><b>13. Juni 2026<br \/>Internationales Musikfest Oberneuland, Bremen<\/b><br \/>Mit Denis Goldfeld und Florian Uhlig<\/p><div><strong>3. Mai 2026, 19.30<br \/>Elbphilharmonie Hamburg<br \/><\/strong>Emanuel Mo\u00f3r Konzertreihe mit dem Duplex-Piano. Werke von Brahms, Josef Tal, Mo\u00f3r und Ravel.<br \/>Mit Albrecht Menzel, Hiyoli Togawa, Cornelia Monske und Florian Uhlig<\/div><\/div><h4>\u00a0<\/h4><h4>2025<\/h4><div><div><strong>24. November 2025, 19.30<br \/>Elbphilharmonie Hamburg<br \/><\/strong>Emanuel Mo\u00f3r Konzertreihe mit dem Duplex-Piano. Werke von Dvorak, Brahms, Mamlok und Mo\u00f3r.<br \/>Mit Franziska H\u00f6lscher, Jan Larsen und Florian Uhlig<\/div><div>\u00a0<\/div><div><strong>4. November 2025, 19.30<br \/>Ohlendorff`sche Villa, Hamburg-Volksdorf<\/strong><br \/>Solorecital mit modernen Cello, Barockcello, Cello piccolo<\/div><div>\u00a0<\/div><div><strong>24. Oktober 2025<br \/>Town hall Pinneberg<br \/><\/strong>Sonaten und Lieder von Brahms<\/div><div>Mit Huijing Han, Klavier<\/div><div>\u00a0<\/div><div><p><strong>10. Oktober 2025<br \/>Schloss Ismaning bei M\u00fcnchen<br \/><\/strong>Werke von Beethoven f\u00fcr Cello und Hammerfl\u00fcgel. Mit Lucas Blondeel<\/p><p><strong>8. Juli 2025, 19.30<br \/>Elbphilharmonie Hamburg<br \/><\/strong>Emanuel Mo\u00f3r Konzertreihe mit dem Duplex-Piano. Werke von Mussorgski, Borodin, Schostakowitsch und Mo\u00f3r. Mit Mirijam Contzen, Hartmut Rohde und Florian Uhlig<\/p><p><strong>6. Juni 2025<br \/>Hamburger Kammermusikfest<br \/><\/strong>Mit Adrian Iliescu, Andra Schl\u00fcter und Hansj\u00f6rg Albrecht<\/p><p><strong>16. M\u00e4rz 2025, 19.30<br \/>Elbphilharmonie Hamburg<br \/><\/strong>Emanuel Mo\u00f3r Konzertreihe mit dem Duplex-Piano. Werke von Schumann, Raff, Brahms und Bach.<br \/>Mit Denis Goldfeld, Boris Faust und Florian Uhlig<\/p><p><b>2. M\u00e4rz 2025, 16.00 Uhr<\/b><br \/>Burgmannshof Hardegsen bei G\u00f6ttingen<br \/>Solorecital mit Barockcello und Cello piccolo<\/p><p><strong>14. Januar 2025, 19.30<br \/>Torhaus Wellingsb\u00fcttel<br \/><\/strong>Schulungshaus bei Hamburg Wasser<br \/>Solorecital mit modernen Cello, Barockcello, Cello piccolo<\/p><\/div><\/div><h4>\u00a0<\/h4><h4>2024<\/h4><div><p><strong>8. Dezember 2024, 20 Uhr<br \/>Berlin, Piano Salon Christophori<\/strong><br \/>Duorecital mit Han-Wen Yu<\/p><p><strong>6. Dezember 2024<br \/>Musikhochschule Hamburg<\/strong><br \/>Frank Corcoran: Ice Etchings f\u00fcr Cello solo<\/p><p><strong>9.\/10. November 2024<br \/>Musikhochschule Frankfurt<\/strong><br \/>Meisterkurs Improvisation von Kadenzen<\/p><p><strong>11. Oktober 2024, 19.00 Uhr<\/strong><br \/><b>Town hall Pinneberg<br \/><\/b>Beethoven: Sonaten und Variationen<b><br \/><\/b>mit Lucas Blondeel, Hammerfl\u00fcgel<\/p><p><strong>7. September 2024<br \/>Gutshaus Thurow, Br\u00fcel, Mecklenburg-Vorpommern<\/strong><br \/>Solorecital mit modernen Cello, Barockcello, Cello piccolo<br \/><strong><br \/>27. Juni 2024<br \/><\/strong><b>Elbphilharmonie Hamburg<br \/><\/b>Shirley\u00a0Brill \u2013 Klarinette<br \/>Albrecht Menzel \u2013 Violine<br \/>David\u00a0Stromberg \u2013\u00a0Violoncello<br \/>Florian Uhlig \u2013 Duplex\u00a0Piano<\/p><\/div><div><strong style=\"font-variant-caps: normal; font-family: Roboto, sans-serif; font-size: 12px; font-style: normal; -webkit-text-size-adjust: 100%;\">2. Juni 2024<\/strong><br style=\"-webkit-text-size-adjust: 100%;\" \/><b style=\"font-variant-caps: normal; font-family: Roboto, sans-serif; font-size: 12px; font-style: normal; -webkit-text-size-adjust: 100%;\">Berlin<\/b><br style=\"-webkit-text-size-adjust: 100%;\" \/><span style=\"-webkit-text-size-adjust: 100%;\">Sonaten von Emanuel Mo\u00f3r\u00a0<\/span><br style=\"-webkit-text-size-adjust: 100%;\" \/><span style=\"font-family: Roboto, sans-serif; font-size: 12px; font-style: normal; font-variant-caps: normal; -webkit-text-size-adjust: 100%;\">David\u00a0Stromberg \u2013\u00a0Violoncello<\/span><br style=\"-webkit-text-size-adjust: 100%;\" \/><span style=\"font-family: Roboto, sans-serif; font-size: 12px; font-style: normal; font-variant-caps: normal; -webkit-text-size-adjust: 100%;\">Florian Uhlig \u2013 Klavier<\/span><\/div><div>\u00a0<\/div><div><p><strong>19. Februar 2024<\/strong><br \/><b>Elbphilharmonie Hamburg<br \/><\/b>Andrej Bielow \u2013 Violine<br \/>Hartmut Rohde \u2013 Bratsche<br \/>David Stromberg \u2013 Violoncello<br \/>Florian Uhlig \u2013 Duplex Piano<\/p><\/div><p><strong>19. Februar 2024<\/strong><br \/><b>Elbphilharmonie Hamburg<br \/><\/b>Andrej Bielow \u2013 Violine<br \/>Hartmut Rohde \u2013 Bratsche<br \/>David Stromberg \u2013 Violoncello<br \/>Florian Uhlig \u2013 Duplex Piano<\/p><p><strong>2. Februar 2024, 20.00 Uhr<\/strong><br \/><b>Town hall Pinneberg<br \/><\/b>mit Catalin Serban Klavier<\/p><p><strong>22. Januar 2024<br \/><\/strong>Musikhochschule Hamburg<br \/>Kurs Improvisation von Kadenzen<\/p><p><strong>12. Januar 2024<br \/>Tschaikowski Saal Hamburg<\/strong><br \/>Solorecital &#8222;3 Instrumente&#8220;<br \/>(Modernes Cello, Barockcello, Cello piccolo)<\/p><p><strong>19. Dezember 2023<br \/><\/strong>Musikhochschule Hamburg<br \/>Kurs Improvisation von Kadenzen<\/p><p><b>27. September. 2023, 19.30<br \/>Elbphilharmonie Hamburg<br \/><\/b>Niklas\u00a0Liepe \u2013 Violine<br \/>Anna Kreetta Gribajcevic \u2013 Bratsche<br \/>David\u00a0Stromberg \u2013\u00a0Violoncello<br \/>Florian Uhlig \u2013 Duplex Piano<\/p><p><strong>Kammermusikfest Hopfgarten, \u00d6stereich<br \/><\/strong>26. August \u2013 2. September<br \/>mit Ramon Jaff\u00e9<\/p><p><b>30. Juli. 2023<br \/>Weilburger Schlosskonzerte<br \/><\/b>Mit Samantha Gaul, Sopran<br \/>Fabian Kelly, Tenor<br \/>Nikolaus Fluck, Bariton<br \/>Niklas Liepe, Violine<br \/>Andreas Frese, Klavier<\/p><p><strong>26. Mai 2023, 20 Uhr Pinneberg Rathaus<\/strong><br \/><strong>Recital <br \/><\/strong>mit Einav Yarden<\/p><p><strong>20. April 2023<br \/>Comprehensive school in Eppendorf, Hamburg<\/strong><br \/>A cello tells of his life<\/p><div style=\"text-align: left;\">\u00a0<\/div><div style=\"text-align: left;\">\u00a0<\/div><h4 style=\"text-align: left;\">Archiv<\/h4><p style=\"text-align: left;\"><strong>2022<\/strong><\/p><p style=\"text-align: left;\"><b>Oktober 2021\/Januar 2022<br \/><\/b>CD Produktion in Kooperation mit Deutschlandradio Kultur <b><\/b><\/p><p style=\"text-align: left;\"><b>Mittwoch 30. M\u00e4rz 2022.<\/b><b> <br \/>Die Emanuel Mo\u00f3r Konzertreihe<\/b><b> im Museum f\u00fcr Kunst und Gewerbe Hamburg<\/b><br \/>Dialoge. Florian Uhlig und David Stromberg<br \/><b><br \/>Sonntag 24. April 2022<\/b><b> <br \/><\/b><\/p><div style=\"text-align: left;\"><b>Die Emanuel Mo\u00f3r Konzertreihe<\/b><\/div><div style=\"text-align: left;\">Matin\u00e9eTrio<\/div><div style=\"text-align: left;\">\u00a0<\/div><p style=\"text-align: left;\"><b>Mittwoch 25. Mai 2022<\/b><b> <br \/>Die Emanuel Mo\u00f3r Konzertreihe<\/b><b> im Museum f\u00fcr Kunst und Gewerbe Hamburg<br \/><\/b>Mit Sophia Jaff\u00e9, Hartmut Rohde, Florian Uhlig<b><\/b><\/p><p style=\"text-align: left;\"><b>1. Juli 2022. Hamburg, Reformierte Kirche<\/b><br \/>Bach auf Barockcello<b><\/b><\/p><p style=\"text-align: left;\"><b>Mittwoch 28.09.2022<\/b><b><b>.<\/b><b> Die Emanuel Mo\u00f3r Konzertreihe<\/b><b> in der <\/b>Elbphilharmonie Hamburg<br \/><\/b>Mit Mirijam Contzen, Hartmut Rohde, Florian Uhlig<b><\/b><\/p><p style=\"text-align: left;\"><b>28. Oktober 2022. Erlangen, Siemens Auditorium<br \/><\/b>Tripelkonzert von Emanuel Mo\u00f3r. Mit Hofer Symphoniker<b><\/b><\/p><p style=\"text-align: left;\"><b>26. November 2022. Kulturgut Hasselburg<br \/><\/b>Mit Florian Uhlig &#8211; Duplex Piano<\/p><h4 style=\"text-align: left;\">\u00a0<\/h4><h4 style=\"text-align: left;\">2021<\/h4><div style=\"text-align: left;\">\u00a0<\/div><div style=\"text-align: left;\"><p><b>10. Januar 2021<br \/><\/b>CD Aufnahme mit Cello piccolo<b><br \/><\/b><\/p><p><b>11. Mai 2021<br \/><\/b>Viborg, Denmark<br \/>Tchaikovsky Rococo Variations and other pieces in chamber music formation<br \/>With Hamburg wind quintet<\/p><p><b>27. Juli 2021<br \/><\/b><b>Sch\u00f6nberger Musiksommer<br \/><\/b>Sonatenabend mit Florian Uhlig, Klavier<\/p><p><b>30. Juli 2021<br \/><\/b><b>Unna, Schloss Opherdike<br \/><\/b>Sonatenabend mit Florian Uhlig, Klavier<\/p><p><b>9.\/10. Oktober 2021<br \/><\/b><b>Deutschlandradio\/<\/b><b><b>NDR<\/b> CD Produktion<br \/><\/b>mit Florian Uhlig, Klavier<\/p><p><b>22. Oktober 2021<br \/><\/b>Rathaus\/Pinneberg Kulturverein<b><br \/><\/b><\/p><\/div><div style=\"text-align: left;\"><p><b>29. November 2021<br \/><\/b>Viborg, Denmark<br \/>Tchaikovsky Rococo Variations and other pieces in chamber music formation<br \/>With Hamburg wind quintet<\/p><\/div><div>\u00a0<\/div><h4 style=\"text-align: left;\"><strong>2020<\/strong><\/h4><p style=\"text-align: left;\"><strong>January 8, 9 and 10, 2020<\/strong><br \/>CD recording of Bach solo suites on baroque cello<\/p><p style=\"text-align: left;\"><strong>January 24, 2020<br \/><\/strong>Town hall Pinneberg<br \/>Beethoven Variations, Gassenhauer Trio<br \/>With Klaus Sticken and Christian Seibold<\/p><p style=\"text-align: left;\"><strong>January 29, 2020<br \/>Freie Akademie der K\u00fcnste <\/strong>Hamburg<br \/>Beethoven Variations, Gassenhauer Trio<br \/>With Klaus Sticken and Christian Seibold<\/p><p style=\"text-align: left;\"><strong>February 5, 2020<br \/>Comprehensive school in Eppendorf, Hamburg<\/strong><br \/>A cello tells of his life<\/p><p style=\"text-align: left;\"><strong>February 8, 2020<br \/><\/strong>Musikhochschule Hamburg<br \/>Improvisation of cadenzas<\/p><h4 style=\"text-align: left;\"><strong>March 31, 2020<\/strong><\/h4><p style=\"text-align: left;\">Museum of Art and Commerce, Hamburg<\/p><p style=\"text-align: left;\">Beethoven sonatas with Erard grand piano<\/p><p style=\"text-align: left;\">With Mathias Weber<\/p><h4 style=\"text-align: left;\"><strong>April 16 and 17, 2020<\/strong><\/h4><p style=\"text-align: left;\">Orchesterzentrum Dortmund<\/p><p style=\"text-align: left;\">Improvisation of cadenzas<\/p><h4 style=\"text-align: left;\"><strong>June 26, 2020<\/strong><\/h4><p style=\"text-align: left;\">Lauenburg<\/p><p style=\"text-align: left;\">Bach solo suites (baroque cello)<\/p><h4 style=\"text-align: left;\"><strong>August 10th and 11th, 2020<\/strong><\/h4><p style=\"text-align: left;\">Improvisation of cadenzas<\/p><p style=\"text-align: left;\">Bavarian Music Academy Hammelburg<\/p><h4 style=\"text-align: left;\"><strong>13. September 2020, 18 Uhr<br \/><\/strong><\/h4><p style=\"text-align: left;\">Freie Akademie der K\u00fcnste Hamburg<\/p><p style=\"text-align: left;\">Beethoven Sonate A-Dur<\/p><p style=\"text-align: left;\">Mit Julija <em>Botchkovskaia, Klavier<br \/><\/em><\/p><h4 style=\"text-align: left;\"><strong>4. Oktober 2020, 19.30<\/strong><\/h4><p style=\"text-align: left;\">Aalborg, D\u00e4nemark<\/p><p style=\"text-align: left;\">Tchaikovsky Rococo Variations and other pieces in chamber music formation<\/p><p style=\"text-align: left;\">With Hamburg wind quintet<\/p><h4 style=\"text-align: left;\"><strong>October 29, 2020<\/strong><\/h4><p style=\"text-align: left;\">Opherdicke Castle, Unna<\/p><p style=\"text-align: left;\">Recital<\/p><p style=\"text-align: left;\">With Florian Uhlig<\/p><h4 style=\"text-align: left;\"><strong>16. November 2020, <\/strong><strong>19.30<\/strong><\/h4><p style=\"text-align: left;\">Viborg, Denmark<\/p><p style=\"text-align: left;\">Tchaikovsky Rococo Variations and other pieces in chamber music formation<\/p><p style=\"text-align: left;\">With Hamburg wind quintet<\/p><h4 style=\"text-align: left;\"><strong>November 22, 2020<\/strong><\/h4><p style=\"text-align: left;\">St. Jacobi main church, Hamburg<\/p><p style=\"text-align: left;\">Saint-Saens: Priere, Bruch: Kol Nidrei<\/p><p style=\"text-align: left;\">With Gerhard L\u00f6ffler, organ<\/p><p style=\"text-align: left;\">Bach<\/p>\t\t\t\t\t\t\t\t<\/div>\n\t\t\t\t<\/div>\n\t\t\t\t\t<\/div>\n\t\t<\/div>\n\t\t\t\t<div class=\"elementor-column elementor-col-66 elementor-top-column elementor-element elementor-element-b1c0e9a\" data-id=\"b1c0e9a\" data-element_type=\"column\" data-e-type=\"column\">\n\t\t\t<div class=\"elementor-widget-wrap elementor-element-populated\">\n\t\t\t\t\t\t<div class=\"elementor-element elementor-element-076cfcb elementor-widget elementor-widget-spacer\" data-id=\"076cfcb\" data-element_type=\"widget\" data-e-type=\"widget\" data-widget_type=\"spacer.default\">\n\t\t\t\t<div class=\"elementor-widget-container\">\n\t\t\t\t\t\t\t<div class=\"elementor-spacer\">\n\t\t\t<div class=\"elementor-spacer-inner\"><\/div>\n\t\t<\/div>\n\t\t\t\t\t\t<\/div>\n\t\t\t\t<\/div>\n\t\t\t\t<div class=\"elementor-element elementor-element-1bd5752 elementor-widget elementor-widget-text-editor\" data-id=\"1bd5752\" data-element_type=\"widget\" data-e-type=\"widget\" data-widget_type=\"text-editor.default\">\n\t\t\t\t<div class=\"elementor-widget-container\">\n\t\t\t\t\t\t\t\t\t<p style=\"text-align: center;\"><em class=\"western\">\u201e<\/em><em class=\"western\">The magic of fascinating cello art\u201c<\/em><\/p><p style=\"text-align: center;\"><em class=\"western\">\u201ekontemplative Tiefe&#8220; <\/em><\/p><p style=\"text-align: center;\"><em class=\"western\">\u201ePremonition of fulfilled asthetic utopia\u201c <\/em><\/p><p style=\"text-align: center;\">Klaus P. Richter, S\u00fcddeutsche Zeitung<\/p>\t\t\t\t\t\t\t\t<\/div>\n\t\t\t\t<\/div>\n\t\t\t\t<div class=\"elementor-element elementor-element-6c237e0 elementor-widget elementor-widget-spacer\" data-id=\"6c237e0\" data-element_type=\"widget\" data-e-type=\"widget\" data-widget_type=\"spacer.default\">\n\t\t\t\t<div class=\"elementor-widget-container\">\n\t\t\t\t\t\t\t<div class=\"elementor-spacer\">\n\t\t\t<div class=\"elementor-spacer-inner\"><\/div>\n\t\t<\/div>\n\t\t\t\t\t\t<\/div>\n\t\t\t\t<\/div>\n\t\t\t\t<div class=\"elementor-element elementor-element-eee3a79 elementor-widget elementor-widget-image\" data-id=\"eee3a79\" data-element_type=\"widget\" data-e-type=\"widget\" data-widget_type=\"image.default\">\n\t\t\t\t<div class=\"elementor-widget-container\">\n\t\t\t\t\t\t\t\t\t\t\t\t\t\t\t<img fetchpriority=\"high\" decoding=\"async\" width=\"700\" height=\"980\" src=\"https:\/\/www.davidstromberg.de\/wp-content\/uploads\/2020\/03\/631D1731-5477-4269-B4FC-23F0139C36AD-700x980.jpeg\" class=\"attachment-large size-large wp-image-529\" alt=\"\" srcset=\"https:\/\/www.davidstromberg.de\/wp-content\/uploads\/2020\/03\/631D1731-5477-4269-B4FC-23F0139C36AD-700x980.jpeg 700w, https:\/\/www.davidstromberg.de\/wp-content\/uploads\/2020\/03\/631D1731-5477-4269-B4FC-23F0139C36AD-214x300.jpeg 214w, https:\/\/www.davidstromberg.de\/wp-content\/uploads\/2020\/03\/631D1731-5477-4269-B4FC-23F0139C36AD-768x1075.jpeg 768w, https:\/\/www.davidstromberg.de\/wp-content\/uploads\/2020\/03\/631D1731-5477-4269-B4FC-23F0139C36AD-1097x1536.jpeg 1097w, https:\/\/www.davidstromberg.de\/wp-content\/uploads\/2020\/03\/631D1731-5477-4269-B4FC-23F0139C36AD-1463x2048.jpeg 1463w, https:\/\/www.davidstromberg.de\/wp-content\/uploads\/2020\/03\/631D1731-5477-4269-B4FC-23F0139C36AD-scaled.jpeg 1829w\" sizes=\"(max-width: 700px) 100vw, 700px\" \/>\t\t\t\t\t\t\t\t\t\t\t\t\t\t\t<\/div>\n\t\t\t\t<\/div>\n\t\t\t\t\t<\/div>\n\t\t<\/div>\n\t\t\t\t\t<\/div>\n\t\t<\/section>\n\t\t\t\t<\/div>","protected":false},"excerpt":{"rendered":"<p>2026 9. November 2026, 19.30Elbphilharmonie HamburgEmanuel Mo\u00f3r Konzertreihe mit dem Duplex-Piano. Werke von Brahms, Dohn\u00e1yni, Schreker, Mo\u00f3rMit Rebekka Hartmann, Elisabeth Kufferath, Shirley Brill, Adri\u00e1n D\u00edaz Mart\u00ednez, Florian Uhlig28. AugustKonz Festival in Bitburg25. August Piano Salon Christophori, BerlinMit Seohyeon Kim, Fl\u00f6te, Han-Wen Yu, Klavier\u00a0 5. JuliSalzwedel &#8222;Musik im Dialog&#8220;Werke von Beethoven auf modernen und historischen Instrumenten. [&hellip;]<\/p>\n","protected":false},"author":1,"featured_media":0,"parent":0,"menu_order":0,"comment_status":"closed","ping_status":"closed","template":"","meta":{"h5ap_radio_sources":[],"footnotes":""},"class_list":["post-101","page","type-page","status-publish","hentry","entry"],"_links":{"self":[{"href":"https:\/\/www.davidstromberg.de\/en\/wp-json\/wp\/v2\/pages\/101","targetHints":{"allow":["GET"]}}],"collection":[{"href":"https:\/\/www.davidstromberg.de\/en\/wp-json\/wp\/v2\/pages"}],"about":[{"href":"https:\/\/www.davidstromberg.de\/en\/wp-json\/wp\/v2\/types\/page"}],"author":[{"embeddable":true,"href":"https:\/\/www.davidstromberg.de\/en\/wp-json\/wp\/v2\/users\/1"}],"replies":[{"embeddable":true,"href":"https:\/\/www.davidstromberg.de\/en\/wp-json\/wp\/v2\/comments?post=101"}],"version-history":[{"count":12,"href":"https:\/\/www.davidstromberg.de\/en\/wp-json\/wp\/v2\/pages\/101\/revisions"}],"predecessor-version":[{"id":1890,"href":"https:\/\/www.davidstromberg.de\/en\/wp-json\/wp\/v2\/pages\/101\/revisions\/1890"}],"wp:attachment":[{"href":"https:\/\/www.davidstromberg.de\/en\/wp-json\/wp\/v2\/media?parent=101"}],"curies":[{"name":"wp","href":"https:\/\/api.w.org\/{rel}","templated":true}]}}