{"id":1357,"date":"2022-02-23T12:57:09","date_gmt":"2022-02-23T11:57:09","guid":{"rendered":"http:\/\/www.davidstromberg.de\/?page_id=1357"},"modified":"2022-03-02T19:52:11","modified_gmt":"2022-03-02T18:52:11","slug":"konzertreihe","status":"publish","type":"page","link":"https:\/\/www.davidstromberg.de\/en\/konzertreihe\/","title":{"rendered":"Konzertreihe"},"content":{"rendered":"<div data-elementor-type=\"wp-page\" data-elementor-id=\"1357\" class=\"elementor elementor-1357\">\n\t\t\t\t\t\t<section class=\"elementor-section elementor-top-section elementor-element elementor-element-8ed2fc7 elementor-section-full_width elementor-section-height-default elementor-section-height-default\" data-id=\"8ed2fc7\" data-element_type=\"section\" data-e-type=\"section\">\n\t\t\t\t\t\t<div class=\"elementor-container elementor-column-gap-default\">\n\t\t\t\t\t<div class=\"elementor-column elementor-col-50 elementor-top-column elementor-element elementor-element-15e1d29\" data-id=\"15e1d29\" data-element_type=\"column\" data-e-type=\"column\">\n\t\t\t<div class=\"elementor-widget-wrap elementor-element-populated\">\n\t\t\t\t\t\t<div class=\"elementor-element elementor-element-d4d578e elementor-widget elementor-widget-image\" data-id=\"d4d578e\" data-element_type=\"widget\" data-e-type=\"widget\" data-widget_type=\"image.default\">\n\t\t\t\t<div class=\"elementor-widget-container\">\n\t\t\t\t\t\t\t\t\t\t\t\t\t\t\t<img fetchpriority=\"high\" decoding=\"async\" width=\"700\" height=\"986\" src=\"https:\/\/www.davidstromberg.de\/wp-content\/uploads\/2022\/02\/Duplexpiano_Poster-700x986.jpg\" class=\"attachment-large size-large wp-image-1359\" alt=\"\" srcset=\"https:\/\/www.davidstromberg.de\/wp-content\/uploads\/2022\/02\/Duplexpiano_Poster-700x986.jpg 700w, https:\/\/www.davidstromberg.de\/wp-content\/uploads\/2022\/02\/Duplexpiano_Poster-213x300.jpg 213w, https:\/\/www.davidstromberg.de\/wp-content\/uploads\/2022\/02\/Duplexpiano_Poster-768x1082.jpg 768w, https:\/\/www.davidstromberg.de\/wp-content\/uploads\/2022\/02\/Duplexpiano_Poster-1090x1536.jpg 1090w, https:\/\/www.davidstromberg.de\/wp-content\/uploads\/2022\/02\/Duplexpiano_Poster-1454x2048.jpg 1454w, https:\/\/www.davidstromberg.de\/wp-content\/uploads\/2022\/02\/Duplexpiano_Poster-9x12.jpg 9w, https:\/\/www.davidstromberg.de\/wp-content\/uploads\/2022\/02\/Duplexpiano_Poster-17x24.jpg 17w, https:\/\/www.davidstromberg.de\/wp-content\/uploads\/2022\/02\/Duplexpiano_Poster-26x36.jpg 26w, https:\/\/www.davidstromberg.de\/wp-content\/uploads\/2022\/02\/Duplexpiano_Poster-34x48.jpg 34w, https:\/\/www.davidstromberg.de\/wp-content\/uploads\/2022\/02\/Duplexpiano_Poster-scaled.jpg 1817w\" sizes=\"(max-width: 700px) 100vw, 700px\" \/>\t\t\t\t\t\t\t\t\t\t\t\t\t\t\t<\/div>\n\t\t\t\t<\/div>\n\t\t\t\t\t<\/div>\n\t\t<\/div>\n\t\t\t\t<div class=\"elementor-column elementor-col-50 elementor-top-column elementor-element elementor-element-458bfc7\" data-id=\"458bfc7\" data-element_type=\"column\" data-e-type=\"column\">\n\t\t\t<div class=\"elementor-widget-wrap elementor-element-populated\">\n\t\t\t\t\t\t<div class=\"elementor-element elementor-element-d91c03b elementor-widget elementor-widget-text-editor\" data-id=\"d91c03b\" data-element_type=\"widget\" data-e-type=\"widget\" data-widget_type=\"text-editor.default\">\n\t\t\t\t<div class=\"elementor-widget-container\">\n\t\t\t\t\t\t\t\t\t<div class=\"elementor-element elementor-element-82241b7 elementor-widget elementor-widget-text-editor\" data-id=\"82241b7\" data-element_type=\"widget\" data-widget_type=\"text-editor.default\"><div class=\"elementor-widget-container\"><div class=\"elementor-text-editor elementor-clearfix\"><p>Emanuel Mo\u00f3r Konzertreihe I<b><br \/><\/b>Mittwoch 30. M\u00e4rz 2022, 19.30 Uhr, Museum f\u00fcr Kunst und Gewerbe Hamburg<br \/><br \/>David Stromberg \u2013 Violoncello, Florian Uhlig \u2013 Duplex Coupler Grand Piano<br \/>Werke von Emanuel Mo\u00f3r, Richard Strauss, Ernst v. Dohnanyi<\/p><\/div><\/div><\/div><div class=\"elementor-element elementor-element-a412f82 elementor-widget elementor-widget-button\" data-id=\"a412f82\" data-element_type=\"widget\" data-widget_type=\"button.default\"><div class=\"elementor-widget-container\"><div class=\"elementor-button-wrapper\"><a class=\"elementor-button-link elementor-button elementor-size-sm\" role=\"button\" href=\"http:\/\/duplexpiano.de\/duo-violoncello-duplex\/\"> <span class=\"elementor-button-content-wrapper\"> <span class=\"elementor-button-text\">Das genaue Programm sehen Sie hier<\/span> <\/span> <\/a><\/div><\/div><\/div><div class=\"elementor-element elementor-element-ed1f399 elementor-widget elementor-widget-button\" data-id=\"ed1f399\" data-element_type=\"widget\" data-widget_type=\"button.default\"><div class=\"elementor-widget-container\"><div class=\"elementor-button-wrapper\"><a class=\"elementor-button-link elementor-button elementor-size-sm\" role=\"button\" href=\"https:\/\/www.konzertkassegerdes.de\/index.php?option=com_rseventspro&amp;layout=show&amp;id=3116:duplex-coupler-grand-piano-die-emanuel-moor-konzertreihe&amp;Itemid=161\"> <span class=\"elementor-button-content-wrapper\"> <span class=\"elementor-button-text\">Tickets und Abo: Konzertkasse Gerdes Hamburg<\/span> <\/span> <\/a><\/div><\/div><\/div><div class=\"elementor-element elementor-element-0b6867c elementor-widget elementor-widget-button\" data-id=\"0b6867c\" data-element_type=\"widget\" data-widget_type=\"button.default\"><div class=\"elementor-widget-container\"><div class=\"elementor-button-wrapper\"><a class=\"elementor-button-link elementor-button elementor-size-sm\" role=\"button\" href=\"https:\/\/www.eventim.de\/eventseries\/duplex-coupler-grand-piano-die-emanuel-moor-konzertreihe-3074198\/\"> <span class=\"elementor-button-content-wrapper\"> <span class=\"elementor-button-text\">Tickets: Eventim<\/span> <\/span> <\/a><\/div><\/div><\/div><div class=\"elementor-element elementor-element-4a01e41 elementor-widget elementor-widget-spacer\" data-id=\"4a01e41\" data-element_type=\"widget\" data-widget_type=\"spacer.default\"><div class=\"elementor-widget-container\"><div class=\"elementor-spacer\"><div class=\"elementor-spacer-inner\">\u00a0<\/div><\/div><\/div><\/div><div class=\"elementor-element elementor-element-e7daad1 elementor-widget elementor-widget-text-editor\" data-id=\"e7daad1\" data-element_type=\"widget\" data-widget_type=\"text-editor.default\"><div class=\"elementor-widget-container\"><div class=\"elementor-text-editor elementor-clearfix\"><p>Emanuel Mo\u00f3r Konzertreihe II<br \/>Sonntag 24. April 2022, 11.00 Uhr, Museum f\u00fcr Kunst und Gewerbe Hamburg<br \/><br \/>Sayako Kusaka \u2013 Violine, David Stromberg \u2013 Violoncello, Florian Uhlig \u2013 Duplex Coupler Grand Piano<br \/>Werke von Emanuel Mo\u00f3r, Johannes Brahms, Felix Mendelssohn-Bartholdy<\/p><\/div><\/div><\/div><div class=\"elementor-element elementor-element-e6ff5e8 elementor-widget elementor-widget-button\" data-id=\"e6ff5e8\" data-element_type=\"widget\" data-widget_type=\"button.default\"><div class=\"elementor-widget-container\"><div class=\"elementor-button-wrapper\"><a class=\"elementor-button-link elementor-button elementor-size-sm\" role=\"button\" href=\"http:\/\/duplexpiano.de\/trio\/\"> <span class=\"elementor-button-content-wrapper\"> <span class=\"elementor-button-text\">Das genaue Programm sehen Sie hier<\/span> <\/span> <\/a><\/div><\/div><\/div><div class=\"elementor-element elementor-element-0422f22 elementor-widget elementor-widget-button\" data-id=\"0422f22\" data-element_type=\"widget\" data-widget_type=\"button.default\"><div class=\"elementor-widget-container\"><div class=\"elementor-button-wrapper\"><a class=\"elementor-button-link elementor-button elementor-size-sm\" role=\"button\" href=\"https:\/\/www.konzertkassegerdes.de\/index.php?option=com_rseventspro&amp;layout=show&amp;id=3117:duplex-coupler-grand-piano-die-emanuel-moor-konzertreihe&amp;Itemid=161\"> <span class=\"elementor-button-content-wrapper\"> <span class=\"elementor-button-text\">Tickets und Abo: Konzertkasse Gerdes Hamburg<\/span> <\/span> <\/a><\/div><\/div><\/div><div class=\"elementor-element elementor-element-ef7af77 elementor-widget elementor-widget-button\" data-id=\"ef7af77\" data-element_type=\"widget\" data-widget_type=\"button.default\"><div class=\"elementor-widget-container\"><div class=\"elementor-button-wrapper\"><a class=\"elementor-button-link elementor-button elementor-size-sm\" role=\"button\" href=\"https:\/\/www.eventim.de\/eventseries\/duplex-coupler-grand-piano-die-emanuel-moor-konzertreihe-3074198\/\"> <span class=\"elementor-button-content-wrapper\"> <span class=\"elementor-button-text\">Tickets: Eventim<\/span> <\/span> <\/a><\/div><\/div><\/div><div class=\"elementor-element elementor-element-02494c6 elementor-widget elementor-widget-spacer\" data-id=\"02494c6\" data-element_type=\"widget\" data-widget_type=\"spacer.default\"><div class=\"elementor-widget-container\"><div class=\"elementor-spacer\"><div class=\"elementor-spacer-inner\">\u00a0<\/div><\/div><\/div><\/div><div class=\"elementor-element elementor-element-021eb92 elementor-widget elementor-widget-text-editor\" data-id=\"021eb92\" data-element_type=\"widget\" data-widget_type=\"text-editor.default\"><div class=\"elementor-widget-container\"><div class=\"elementor-text-editor elementor-clearfix\"><p>Emanuel Mo\u00f3r Konzertreihe III<b><br \/><\/b>Mittwoch 25. Mai 2022, 19.30 Uhr, Museum f\u00fcr Kunst und Gewerbe Hamburg<br \/><br \/>Sophia Jaff\u00e9 \u2013 Violine, Hartmut Rohde \u2013 Bratsche, David Stromberg \u2013 Violoncello, Florian Uhlig \u2013 Duplex Coupler Grand Piano<br \/>Werke von Emanuel Mo\u00f3r, Gabriel Faur\u00e9, Robert Schumann, Johannes Brahms<\/p><\/div><\/div><\/div><div class=\"elementor-element elementor-element-700404e elementor-widget elementor-widget-button\" data-id=\"700404e\" data-element_type=\"widget\" data-widget_type=\"button.default\"><div class=\"elementor-widget-container\"><div class=\"elementor-button-wrapper\"><a class=\"elementor-button-link elementor-button elementor-size-sm\" role=\"button\" href=\"http:\/\/duplexpiano.de\/quartett-i\/\"> <span class=\"elementor-button-content-wrapper\"> <span class=\"elementor-button-text\">Das genaue Programm sehen Sie hier<\/span> <\/span> <\/a><\/div><\/div><\/div><div class=\"elementor-element elementor-element-94802d9 elementor-widget elementor-widget-button\" data-id=\"94802d9\" data-element_type=\"widget\" data-widget_type=\"button.default\"><div class=\"elementor-widget-container\"><div class=\"elementor-button-wrapper\"><a class=\"elementor-button-link elementor-button elementor-size-sm\" role=\"button\" href=\"https:\/\/www.konzertkassegerdes.de\/index.php?option=com_rseventspro&amp;layout=show&amp;id=3118:duplex-coupler-grand-piano-die-emanuel-moor-konzertreihe&amp;Itemid=161https:\/\/www.konzertkassegerdes.de\/index.php?option=com_rseventspro&amp;layout=show&amp;id=3118:duplex-coupler-grand-piano-die-emanuel-moor-konzertreihe&amp;Itemid=161\"> <span class=\"elementor-button-content-wrapper\"> <span class=\"elementor-button-text\">Tickets und Abo: Konzertkasse Gerdes Hamburg<\/span> <\/span> <\/a><\/div><\/div><\/div><div class=\"elementor-element elementor-element-3e409ab elementor-widget elementor-widget-button\" data-id=\"3e409ab\" data-element_type=\"widget\" data-widget_type=\"button.default\"><div class=\"elementor-widget-container\"><div class=\"elementor-button-wrapper\"><a class=\"elementor-button-link elementor-button elementor-size-sm\" role=\"button\" href=\"https:\/\/www.eventim.de\/eventseries\/duplex-coupler-grand-piano-die-emanuel-moor-konzertreihe-3074198\/\"> <span class=\"elementor-button-content-wrapper\"> <span class=\"elementor-button-text\">Tickets: Eventim<\/span> <\/span> <\/a><\/div><\/div><\/div><div class=\"elementor-element elementor-element-a36491a elementor-widget elementor-widget-spacer\" data-id=\"a36491a\" data-element_type=\"widget\" data-widget_type=\"spacer.default\"><div class=\"elementor-widget-container\"><div class=\"elementor-spacer\"><div class=\"elementor-spacer-inner\">\u00a0<\/div><\/div><\/div><\/div><div class=\"elementor-element elementor-element-3b942c6 elementor-widget elementor-widget-text-editor\" data-id=\"3b942c6\" data-element_type=\"widget\" data-widget_type=\"text-editor.default\"><div class=\"elementor-widget-container\"><div class=\"elementor-text-editor elementor-clearfix\"><p>Emanuel Mo\u00f3r Konzertreihe IV<b><br \/><\/b>Mittwoch 28.09.2022, 19.30 Uhr, Elbphilharmonie Hamburg<\/p><p>Mirijam Contzen \u2013 Violine, Hartmut Rohde \u2013 Bratsche, David Stromberg \u2013 Violoncello, Florian Uhlig \u2013 Duplex Coupler Grand Piano<br \/>Werke von Emanuel Mo\u00f3r, Camille Saint-Saens, Claude Debussy, Arnold Sch\u00f6nberg<\/p><\/div><\/div><\/div><div class=\"elementor-element elementor-element-3154234 elementor-widget elementor-widget-button\" data-id=\"3154234\" data-element_type=\"widget\" data-widget_type=\"button.default\"><div class=\"elementor-widget-container\"><div class=\"elementor-button-wrapper\"><a class=\"elementor-button-link elementor-button elementor-size-sm\" role=\"button\" href=\"http:\/\/duplexpiano.de\/quartett-ii\/\"> <span class=\"elementor-button-content-wrapper\"> <span class=\"elementor-button-text\">Das genaue Programm sehen Sie hier<\/span> <\/span> <\/a><\/div><\/div><\/div><div class=\"elementor-element elementor-element-a6871c6 elementor-widget elementor-widget-button\" data-id=\"a6871c6\" data-element_type=\"widget\" data-widget_type=\"button.default\"><div class=\"elementor-widget-container\"><div class=\"elementor-button-wrapper\"><a class=\"elementor-button-link elementor-button elementor-size-sm\" role=\"button\" href=\"https:\/\/www.konzertkassegerdes.de\/index.php?option=com_rseventspro&amp;layout=show&amp;id=3120:duplex-coupler-grand-piano-die-emanuel-moor-konzertreihe&amp;Itemid=161\"> <span class=\"elementor-button-content-wrapper\"> <span class=\"elementor-button-text\">Tickets und Abo: Konzertkasse Gerdes Hamburg<\/span> <\/span> <\/a><\/div><\/div><\/div><div class=\"elementor-element elementor-element-677ef55 elementor-widget elementor-widget-button\" data-id=\"677ef55\" data-element_type=\"widget\" data-widget_type=\"button.default\"><div class=\"elementor-widget-container\"><div class=\"elementor-button-wrapper\"><a class=\"elementor-button-link elementor-button elementor-size-sm\" role=\"button\" href=\"https:\/\/www.eventim.de\/eventseries\/duplex-coupler-grand-piano-die-emanuel-moor-konzertreihe-3074198\/\"> <span class=\"elementor-button-content-wrapper\"> <span class=\"elementor-button-text\">Tickets: Eventim<\/span> <\/span> <\/a><\/div><\/div><\/div><div class=\"elementor-element elementor-element-111278f elementor-widget elementor-widget-spacer\" data-id=\"111278f\" data-element_type=\"widget\" data-widget_type=\"spacer.default\"><div class=\"elementor-widget-container\"><div class=\"elementor-spacer\"><div class=\"elementor-spacer-inner\">\u00a0<\/div><\/div><\/div><\/div><div class=\"elementor-element elementor-element-0452cee elementor-widget elementor-widget-text-editor\" data-id=\"0452cee\" data-element_type=\"widget\" data-widget_type=\"text-editor.default\"><div class=\"elementor-widget-container\"><div class=\"elementor-text-editor elementor-clearfix\"><p>28. Oktober 2022. Erlangen, Siemens Auditorium<br \/>Sophia Jaff\u00e9 \u2013 Violine, David Stromberg \u2013 Violoncello, Florian Uhlig \u2013 Duplex Coupler Grand Piano, Hofer Symphoniker<br \/>Tripelkonzert f\u00fcr Violine, Cello und Duplex Coupler Grand Piano von Emanuel Mo\u00f3r.<\/p><\/div><\/div><\/div>\t\t\t\t\t\t\t\t<\/div>\n\t\t\t\t<\/div>\n\t\t\t\t\t<\/div>\n\t\t<\/div>\n\t\t\t\t\t<\/div>\n\t\t<\/section>\n\t\t\t\t<\/div>","protected":false},"excerpt":{"rendered":"<p>Emanuel Mo\u00f3r Konzertreihe IMittwoch 30. M\u00e4rz 2022, 19.30 Uhr, Museum f\u00fcr Kunst und Gewerbe Hamburg David Stromberg \u2013 Violoncello, Florian Uhlig \u2013 Duplex Coupler Grand PianoWerke von Emanuel Mo\u00f3r, Richard Strauss, Ernst v. Dohnanyi Das genaue Programm sehen Sie hier Tickets und Abo: Konzertkasse Gerdes Hamburg Tickets: Eventim \u00a0 Emanuel Mo\u00f3r Konzertreihe IISonntag 24. April [&hellip;]<\/p>\n","protected":false},"author":1,"featured_media":0,"parent":0,"menu_order":0,"comment_status":"closed","ping_status":"closed","template":"","meta":{"h5ap_radio_sources":[],"footnotes":""},"class_list":["post-1357","page","type-page","status-publish","hentry","entry"],"_links":{"self":[{"href":"https:\/\/www.davidstromberg.de\/en\/wp-json\/wp\/v2\/pages\/1357","targetHints":{"allow":["GET"]}}],"collection":[{"href":"https:\/\/www.davidstromberg.de\/en\/wp-json\/wp\/v2\/pages"}],"about":[{"href":"https:\/\/www.davidstromberg.de\/en\/wp-json\/wp\/v2\/types\/page"}],"author":[{"embeddable":true,"href":"https:\/\/www.davidstromberg.de\/en\/wp-json\/wp\/v2\/users\/1"}],"replies":[{"embeddable":true,"href":"https:\/\/www.davidstromberg.de\/en\/wp-json\/wp\/v2\/comments?post=1357"}],"version-history":[{"count":0,"href":"https:\/\/www.davidstromberg.de\/en\/wp-json\/wp\/v2\/pages\/1357\/revisions"}],"wp:attachment":[{"href":"https:\/\/www.davidstromberg.de\/en\/wp-json\/wp\/v2\/media?parent=1357"}],"curies":[{"name":"wp","href":"https:\/\/api.w.org\/{rel}","templated":true}]}}