{"id":139,"date":"2020-01-17T17:05:24","date_gmt":"2020-01-17T16:05:24","guid":{"rendered":"http:\/\/wp1058403.server-he.de\/?page_id=139"},"modified":"2020-01-19T16:14:43","modified_gmt":"2020-01-19T15:14:43","slug":"orchesterzentrum-dortmund-2019","status":"publish","type":"page","link":"https:\/\/www.davidstromberg.de\/en\/orchesterzentrum-dortmund-2019\/","title":{"rendered":"Orchesterzentrum Dortmund"},"content":{"rendered":"<p>April 15 and 16, 2019<\/p>\n\n\n\n<p> <\/p>\n\n\n\n<p>   <\/p>\n\n\n<h4><strong data-rich-text-format-boundary=\"true\">Finden Sie das Workshopthema relevant f\u00fcr Ihre Ausbildung und Ihre T\u00e4tigkeit als Musiker? Wenn ja, inwiefern?<\/strong><\/h4>\n\n\n<p><em>Ja. Ich kann nun meine komponierten Kadenzen besser verstehen und pr\u00e4sentieren!<\/em> <em>Reona Kunata, Querfl\u00f6te<\/em><\/p>\n\n\n\n<p><em>Ich habe viele Anregungen bekommen!<\/em> <em>Shin Woo Kang, Oboe<\/em><\/p>\n\n\n\n<p><em>Ja, zur Erweiterung des musikalischen Verst\u00e4ndnisses und f\u00fcr die Anwendung beim Probespiel.<\/em> <em>Leonard Rathmann, Trompete<\/em><\/p>\n\n\n\n<p><em>Ja! Viele Leute schreiben katastrophale Kadenzen. Aber wenn man sie gut komponieren kann, ist man wirklich ein professioneller Musiker.<\/em> <em>Ai Suzuki, Horn<\/em><\/p>\n\n\n\n<p><em>Ja. Wir sollten Kadenzen f\u00fcr unsere St\u00fccke selbst schreiben k\u00f6nnen und frei spielen.<\/em> <em>Cynthia Castanos<\/em><\/p>\n\n\n\n<p><em>Auf jeden Fall! Man muss sich von den vielen Gedanken befreien, die uns oft zu viel besch\u00e4ftigen (Fehler, Ansatz, Technik). Einfach loslassen&#8230;<\/em> <em>Niccolo Passarotto, Horn<\/em><\/p>\n\n\n\n<p><\/p>\n\n\n<h4><strong data-rich-text-format-boundary=\"true\">Welchen Nutzen k\u00f6nnen Sie aus dem Kurs ziehen?<\/strong><\/h4>\n\n\n<p><em>Ich kann nun selbst eine Kadenz f\u00fcr das Konzert schreiben.<\/em> <em>Shin Woo Kang, Oboe<\/em><\/p>\n\n\n\n<p><em>Es hat mir neue Anregungen gegeben und ich bin motiviert, die Sachen, die wir gelernt haben, weiter auszuprobieren. Cynthia Castanos, Fagott<\/em><\/p>\n\n\n\n<p><em>Ich dachte, eine Kadenz zu schreiben, w\u00e4re nicht f\u00fcr jeden m\u00f6glich. Im Endeffekt ist es doch nicht so schwer.<\/em> <em>Niccolo Passarotto, Horn<\/em><\/p>\n\n\n<h4><strong data-rich-text-format-boundary=\"true\">Verstehen Sie komponierte Kadenzen nun besser? K\u00f6nnen Sie komponierte Kadenzen nun besser spielen?<\/strong><\/h4>\n\n\n<p><em>Ja!<\/em> <em>Alle Teilnehmer<\/em><\/p>\n\n\n\n<p><em>Viel besser. Ich habe Motivation, eine eigene Kadenz zu schreiben.<\/em> <em>Ai Suzuki<\/em><\/p>\n\n\n\n<p><em>Ja, ich verstehe jetzt die Struktur von Kadenzen und verstehe jetzt besser, wie ich sie interpretieren kann.<\/em> <em>Cynthia Castanos<\/em><\/p>\n\n\n<h4><strong data-rich-text-format-boundary=\"true\">Hat der Kurs Spa\u00df gemacht?<\/strong><\/h4>\n\n\n<p><em>Ja!<\/em> <em>Alle Teilnehmer<\/em><\/p>\n\n\n\n<p><em>Sehr!!<\/em> <em>Shin Woo Kang<\/em><\/p>\n\n\n\n<p><em>Ich fand es super!<\/em> <em>Niccolo Passarotto<\/em><\/p>\n\n\n\n<p><strong><br> <\/strong><\/p>","protected":false},"excerpt":{"rendered":"<p>15. und 16. April 2019 Finden Sie das Workshopthema relevant f\u00fcr Ihre Ausbildung und Ihre T\u00e4tigkeit als Musiker? Wenn ja, inwiefern? Ja. Ich kann nun meine komponierten Kadenzen besser verstehen und pr\u00e4sentieren! Reona Kunata, Querfl\u00f6te Ich habe viele Anregungen bekommen! Shin Woo Kang, Oboe Ja, zur Erweiterung des musikalischen Verst\u00e4ndnisses und f\u00fcr die Anwendung beim [&hellip;]<\/p>\n","protected":false},"author":1,"featured_media":0,"parent":0,"menu_order":0,"comment_status":"closed","ping_status":"closed","template":"","meta":{"h5ap_radio_sources":[],"footnotes":""},"class_list":["post-139","page","type-page","status-publish","hentry","entry"],"_links":{"self":[{"href":"https:\/\/www.davidstromberg.de\/en\/wp-json\/wp\/v2\/pages\/139","targetHints":{"allow":["GET"]}}],"collection":[{"href":"https:\/\/www.davidstromberg.de\/en\/wp-json\/wp\/v2\/pages"}],"about":[{"href":"https:\/\/www.davidstromberg.de\/en\/wp-json\/wp\/v2\/types\/page"}],"author":[{"embeddable":true,"href":"https:\/\/www.davidstromberg.de\/en\/wp-json\/wp\/v2\/users\/1"}],"replies":[{"embeddable":true,"href":"https:\/\/www.davidstromberg.de\/en\/wp-json\/wp\/v2\/comments?post=139"}],"version-history":[{"count":0,"href":"https:\/\/www.davidstromberg.de\/en\/wp-json\/wp\/v2\/pages\/139\/revisions"}],"wp:attachment":[{"href":"https:\/\/www.davidstromberg.de\/en\/wp-json\/wp\/v2\/media?parent=139"}],"curies":[{"name":"wp","href":"https:\/\/api.w.org\/{rel}","templated":true}]}}