{"id":99,"date":"2020-01-15T22:37:47","date_gmt":"2020-01-15T21:37:47","guid":{"rendered":"http:\/\/wp1058403.server-he.de\/?page_id=99"},"modified":"2023-11-21T13:10:21","modified_gmt":"2023-11-21T12:10:21","slug":"biografie","status":"publish","type":"page","link":"https:\/\/www.davidstromberg.de\/en\/biografie\/","title":{"rendered":"Biography"},"content":{"rendered":"\t\t<div data-elementor-type=\"wp-page\" data-elementor-id=\"99\" class=\"elementor elementor-99\">\n\t\t\t\t\t\t<section class=\"elementor-section elementor-top-section elementor-element elementor-element-3d0082e elementor-section-full_width elementor-section-height-default elementor-section-height-default\" data-id=\"3d0082e\" data-element_type=\"section\" data-e-type=\"section\">\n\t\t\t\t\t\t<div class=\"elementor-container elementor-column-gap-default\">\n\t\t\t\t\t<div class=\"elementor-column elementor-col-33 elementor-top-column elementor-element elementor-element-069fefd\" data-id=\"069fefd\" data-element_type=\"column\" data-e-type=\"column\">\n\t\t\t<div class=\"elementor-widget-wrap elementor-element-populated\">\n\t\t\t\t\t\t<div class=\"elementor-element elementor-element-bff86de elementor-widget elementor-widget-image\" data-id=\"bff86de\" data-element_type=\"widget\" data-e-type=\"widget\" data-widget_type=\"image.default\">\n\t\t\t\t<div class=\"elementor-widget-container\">\n\t\t\t\t\t\t\t\t\t\t\t\t\t\t\t<img fetchpriority=\"high\" decoding=\"async\" width=\"700\" height=\"980\" src=\"http:\/\/www.davidstromberg.de\/wp-content\/uploads\/2020\/03\/923E22AB-A238-4BB6-8F68-A0B45F90CD14-700x980.jpeg\" class=\"attachment-large size-large wp-image-539\" alt=\"\" srcset=\"http:\/\/www.davidstromberg.de\/wp-content\/uploads\/2020\/03\/923E22AB-A238-4BB6-8F68-A0B45F90CD14-700x980.jpeg 700w, http:\/\/www.davidstromberg.de\/wp-content\/uploads\/2020\/03\/923E22AB-A238-4BB6-8F68-A0B45F90CD14-214x300.jpeg 214w, http:\/\/www.davidstromberg.de\/wp-content\/uploads\/2020\/03\/923E22AB-A238-4BB6-8F68-A0B45F90CD14-768x1075.jpeg 768w, http:\/\/www.davidstromberg.de\/wp-content\/uploads\/2020\/03\/923E22AB-A238-4BB6-8F68-A0B45F90CD14-1097x1536.jpeg 1097w, http:\/\/www.davidstromberg.de\/wp-content\/uploads\/2020\/03\/923E22AB-A238-4BB6-8F68-A0B45F90CD14-1463x2048.jpeg 1463w, http:\/\/www.davidstromberg.de\/wp-content\/uploads\/2020\/03\/923E22AB-A238-4BB6-8F68-A0B45F90CD14-scaled.jpeg 1829w\" sizes=\"(max-width: 700px) 100vw, 700px\" \/>\t\t\t\t\t\t\t\t\t\t\t\t\t\t\t<\/div>\n\t\t\t\t<\/div>\n\t\t\t\t<div class=\"elementor-element elementor-element-a5b5540 elementor-widget elementor-widget-spacer\" data-id=\"a5b5540\" data-element_type=\"widget\" data-e-type=\"widget\" data-widget_type=\"spacer.default\">\n\t\t\t\t<div class=\"elementor-widget-container\">\n\t\t\t\t\t\t\t<div class=\"elementor-spacer\">\n\t\t\t<div class=\"elementor-spacer-inner\"><\/div>\n\t\t<\/div>\n\t\t\t\t\t\t<\/div>\n\t\t\t\t<\/div>\n\t\t\t\t<div class=\"elementor-element elementor-element-20f4047 elementor-widget elementor-widget-text-editor\" data-id=\"20f4047\" data-element_type=\"widget\" data-e-type=\"widget\" data-widget_type=\"text-editor.default\">\n\t\t\t\t<div class=\"elementor-widget-container\">\n\t\t\t\t\t\t\t\t\t<p style=\"text-align: center;\"><i>Ein ganz neuer Charakter. Das ist h\u00f6renswert! <\/i><\/p><p style=\"text-align: center;\">J\u00f6rg Armbr\u00fcster, SWR2<\/p><p><!--[if lt IE 9]><script>document.createElement('audio');<\/script><![endif]-->\n<audio class=\"wp-audio-shortcode\" id=\"audio-99-1\" preload=\"none\" style=\"width: 100%;\" controls=\"controls\"><source type=\"audio\/mpeg\" src=\"http:\/\/www.davidstromberg.de\/wp-content\/uploads\/2020\/03\/SWR2-Transition.mp3?_=1\" \/><a href=\"http:\/\/www.davidstromberg.de\/wp-content\/uploads\/2020\/03\/SWR2-Transition.mp3\">http:\/\/www.davidstromberg.de\/wp-content\/uploads\/2020\/03\/SWR2-Transition.mp3<\/a><\/audio><\/p>\t\t\t\t\t\t\t\t<\/div>\n\t\t\t\t<\/div>\n\t\t\t\t\t<\/div>\n\t\t<\/div>\n\t\t\t\t<div class=\"elementor-column elementor-col-66 elementor-top-column elementor-element elementor-element-d8a3aee\" data-id=\"d8a3aee\" data-element_type=\"column\" data-e-type=\"column\">\n\t\t\t<div class=\"elementor-widget-wrap elementor-element-populated\">\n\t\t\t\t\t\t<div class=\"elementor-element elementor-element-0f2a7e2 elementor-widget elementor-widget-text-editor\" data-id=\"0f2a7e2\" data-element_type=\"widget\" data-e-type=\"widget\" data-widget_type=\"text-editor.default\">\n\t\t\t\t<div class=\"elementor-widget-container\">\n\t\t\t\t\t\t\t\t\t<p style=\"text-align: center;\">\u201eMagie faszinierender Cellok\u00fcnste\u201c, \u201ekontemplative Tiefe\u201c<br>\u201eVorschein erf\u00fcllter \u00e4sthetischer Utopie\u201c<br>S\u00fcddeutsche Zeitung<\/p>\n<p style=\"text-align: left;\">Der Cellist David Stromberg sucht nach neuen H\u00f6rerlebnissen \u2013 sei es mit dem Barockcello, dem Cello piccolo oder dem modernen Cello. Ihn fasziniert die Alte Musik wie auch die Neue Musik, er sucht in der Improvisation nach neuen Ausdrucksformen, arrangiert altbekannte Meisterwerke, sodass sie in einem ganz neuen Gewand erscheinen, und er forscht nach vergessenen Instrumenten.<\/p>\n<p style=\"text-align: left;\">Gemeinsam mit dem Cellisten Sebastian Hess wiederentdeckte David Stromberg den Komponisten Emanuel Mo\u00f3r. Sie nahmen in Kooperation mit dem Bayerischen Rundfunk eine CD mit Solo- und Kammermusikwerken von Emanuel Mo\u00f3r auf. Im Doppelkonzert f\u00fcr zwei Celli wurden sie von den N\u00fcrnberger Symphonikern begleitet.<\/p>\n<p style=\"text-align: left;\">Seine CD \u201eTransition\u201c erschien in Kooperation mit Deutschlandradio. Er spielt darauf das Cellokonzert von Schumann, die Rokoko-Variationen von Tschaikowski sowie weitere romantische Charakterst\u00fccke in seinen eigenen Bearbeitungen f\u00fcr Cello und Bl\u00e4serquintett. Diese Bearbeitungen ver\u00f6ffentlichte David Stromberg im Sikorski Musikverlag. \u201eEin ganz neuer Charakter. Das ist h\u00f6renswert!\u201c,&nbsp;SWR2.&nbsp;\u201eDie Werke erfahren eine neue Eindringlichkeit\u201c,&nbsp;NDR Kultur.&nbsp;\u201eGlasklare Kostbarkeiten\u201c,&nbsp;Concerti Magazin.&nbsp;Die CD wurde \u201eCD der Woche\u201c beim SWR. Weitere Rezensionen erfolgten in renommierten Printmedien wie \u201eDie Welt\u201c, \u201eWiener Zeitung\u201c und \u201esonic Magazin\u201c.<\/p>\n<p style=\"text-align: left;\">Die Gesamtaufnahme der Solosuiten f\u00fcr Cello von Johann-Sebastian Bach auf Barockinstrumenten kam im Sommer 2022 beim Label Oehms Classics auf den Markt.&nbsp;&#8222;So gestaltet er einerseits eine zusammenh\u00e4ngende Welt der sechs Suiten wie auch eine zielgenaue Hinwendung zu den Details jedes Satzes und jeder Phrase&#8220;,&nbsp;Pizzicato Magazin.&nbsp;\u201eEine Herausforderung mit gl\u00fccklichem Ausgang\u201c&nbsp;, Crescendo Magazin.<\/p>\n<p style=\"text-align: left;\">Seine CD \u201eSonatas for Duplex Piano and Cello\u201c erschien im Mai 2023. Zusammen mit Florian Uhlig spielte er Sonaten von Mo\u00f3r, Dohn\u00e1nyi und Strauss ein.&nbsp;\u201eIhr zupackend direktes Musizieren macht das erregte Innenleben der Werke bestens h\u00f6rbar.\u201c&nbsp;Pizzicato Magazin.&nbsp;\u201eFaszinierendes Album\u201c, S\u00fcdwest Presse. Die CD wurde im RBB, NDR, SWR, WDR und im Deutschlandradio vorgestellt.<\/p>\n<p style=\"text-align: left;\">David Stromberg veranstaltet die \u201eEmanuel Mo\u00f3r Konzertreihe\u201c in der Elbphilharmonie Hamburg.&nbsp;Mit der Geigerin Lena Neudauer und dem Pianisten Florian Uhlig am Duplex Piano f\u00fchrte er das Tripelkonzert von Emanuel Mo\u00f3r bei der Er\u00f6ffnung des neuen Siemens Auditoriums in Erlangen auf, Deutschlandradio nahm das Konzert f\u00fcr das Radio auf.<\/p>\n<p style=\"text-align: left;\">David Stromberg absolvierte sein Cello-Studium an der Hamburger Hochschule f\u00fcr Musik und Theater in der Klasse von Prof. Wolfgang Mehlhorn sowie am Musikinstitut Schloss&nbsp;Edsberg in Stockholm bei Prof. Frans Helmerson.&nbsp;Die Improvisation besch\u00e4ftigt David Stromberg seit langem und er gibt Meisterkurse zum Thema \u201eImprovisation von Kadenzen in klassischen Solokonzerten\u201c an Musikhochschulen.<\/p>\n<p style=\"text-align: left;\">www.davidstromberg.de<\/p>\t\t\t\t\t\t\t\t<\/div>\n\t\t\t\t<\/div>\n\t\t\t\t\t<\/div>\n\t\t<\/div>\n\t\t\t\t\t<\/div>\n\t\t<\/section>\n\t\t\t\t<section class=\"elementor-section elementor-top-section elementor-element elementor-element-e2e9ee1 elementor-section-full_width elementor-section-height-default elementor-section-height-default\" data-id=\"e2e9ee1\" data-element_type=\"section\" data-e-type=\"section\">\n\t\t\t\t\t\t<div class=\"elementor-container elementor-column-gap-default\">\n\t\t\t\t\t<div class=\"elementor-column elementor-col-100 elementor-top-column elementor-element elementor-element-9d8b99d\" data-id=\"9d8b99d\" data-element_type=\"column\" data-e-type=\"column\">\n\t\t\t<div class=\"elementor-widget-wrap elementor-element-populated\">\n\t\t\t\t\t\t<div class=\"elementor-element elementor-element-b834961 elementor-widget elementor-widget-spacer\" data-id=\"b834961\" data-element_type=\"widget\" data-e-type=\"widget\" data-widget_type=\"spacer.default\">\n\t\t\t\t<div class=\"elementor-widget-container\">\n\t\t\t\t\t\t\t<div class=\"elementor-spacer\">\n\t\t\t<div class=\"elementor-spacer-inner\"><\/div>\n\t\t<\/div>\n\t\t\t\t\t\t<\/div>\n\t\t\t\t<\/div>\n\t\t\t\t\t<\/div>\n\t\t<\/div>\n\t\t\t\t\t<\/div>\n\t\t<\/section>\n\t\t\t\t<\/div>\n\t\t","protected":false},"excerpt":{"rendered":"<p>Ein ganz neuer Charakter. Das ist h\u00f6renswert! J\u00f6rg Armbr\u00fcster, SWR2 \u201eMagie faszinierender Cellok\u00fcnste\u201c, \u201ekontemplative Tiefe\u201c\u201eVorschein erf\u00fcllter \u00e4sthetischer Utopie\u201cS\u00fcddeutsche Zeitung Der Cellist David Stromberg sucht nach neuen H\u00f6rerlebnissen \u2013 sei es mit dem Barockcello, dem Cello piccolo oder dem modernen Cello. Ihn fasziniert die Alte Musik wie auch die Neue Musik, er sucht in der Improvisation [&hellip;]<\/p>\n","protected":false},"author":1,"featured_media":0,"parent":0,"menu_order":0,"comment_status":"closed","ping_status":"closed","template":"","meta":{"h5ap_radio_sources":[],"footnotes":""},"class_list":["post-99","page","type-page","status-publish","hentry","entry"],"_links":{"self":[{"href":"https:\/\/www.davidstromberg.de\/en\/wp-json\/wp\/v2\/pages\/99","targetHints":{"allow":["GET"]}}],"collection":[{"href":"https:\/\/www.davidstromberg.de\/en\/wp-json\/wp\/v2\/pages"}],"about":[{"href":"https:\/\/www.davidstromberg.de\/en\/wp-json\/wp\/v2\/types\/page"}],"author":[{"embeddable":true,"href":"https:\/\/www.davidstromberg.de\/en\/wp-json\/wp\/v2\/users\/1"}],"replies":[{"embeddable":true,"href":"https:\/\/www.davidstromberg.de\/en\/wp-json\/wp\/v2\/comments?post=99"}],"version-history":[{"count":0,"href":"https:\/\/www.davidstromberg.de\/en\/wp-json\/wp\/v2\/pages\/99\/revisions"}],"wp:attachment":[{"href":"https:\/\/www.davidstromberg.de\/en\/wp-json\/wp\/v2\/media?parent=99"}],"curies":[{"name":"wp","href":"https:\/\/api.w.org\/{rel}","templated":true}]}}